{"id":1301,"date":"2016-04-01T11:05:59","date_gmt":"2016-04-01T09:05:59","guid":{"rendered":"http:\/\/www.patientennetz.net\/?page_id=1301"},"modified":"2025-02-24T22:46:31","modified_gmt":"2025-02-24T21:46:31","slug":"einfos-2","status":"publish","type":"page","link":"https:\/\/www.patientennetz.net\/?page_id=1301","title":{"rendered":"e-Infos"},"content":{"rendered":"<p><span style=\"font-family: 'Arial','sans-serif';\">Von 2012 bis 2018 haben wir aktuelle Informationen aus dem Gesundheitsbereich als \u201ee-Info\u201c per Mail verschickt. Es ging dabei\u00a0 um Themen und Diskussionen, die aus Sicht von Patient*innen relevant sind, wie z.B. Patientenbeteiligung, Gesetzgebung, Gesundheit &amp; Armut, neue Entwicklungen&#8230;\u00a0\u00a0<\/span><span style=\"font-family: Arial, 'sans-serif';\">Aktuell sind keine weiteren E-Infos geplant.\u00a0<\/span><span style=\"font-family: Arial, 'sans-serif';\">\u00a0<\/span><\/p>\n<p><span style=\"font-family: 'Arial','sans-serif';\">Hier sind exemplarisch einige e-Infos aus den vergangenen Jahren aufgef\u00fchrt:<\/span><\/p>\n<p><strong>2018 <\/strong><\/p>\n<p><a href=\"http:\/\/www.patientennetz.net\/wp-content\/uploads\/eInfo-47-2018-Unabh\u00e4ngige-Patientenberatung-Wie-unabh\u00e4ngig-ist-sie-wirklich.pdf\">eInfo 47 2018 Unabh\u00e4ngige Patientenberatung Wie unabh\u00e4ngig ist sie wirklich<\/a><\/p>\n<p><a href=\"http:\/\/www.patientennetz.net\/wp-content\/uploads\/eInfo-42-2018-Unabh\u00e4ngige-Patientenberatung-Beratungsqualit\u00e4t-Transparenz-und-Kontrolle-im-Argen.pdf\">eInfo 42 2018 Unabh\u00e4ngige Patientenberatung Beratungsqualit\u00e4t Transparenz und Kontrolle im Argen<\/a><\/p>\n<p><a href=\"http:\/\/www.patientennetz.net\/wp-content\/uploads\/eInfo-38-2018-Unabh\u00e4ngige-Beratungsstelle-Patienten-in-die-Irre-gef\u00fchrt.pdf\">eInfo 38 2018 Unabh\u00e4ngige Beratungsstelle Patienten in die Irre gef\u00fchrt<\/a><\/p>\n<p><a href=\"http:\/\/www.patientennetz.net\/wp-content\/uploads\/eInfo-28-2018-APS-stellt-neue-Checkliste-zur-Nutzung-von-Gesundheits-Apps-vor.pdf\">eInfo 28 2018 APS stellt neue Checkliste zur Nutzung von Gesundheits-Apps vor<\/a><\/p>\n<p><a href=\"http:\/\/www.patientennetz.net\/wp-content\/uploads\/eInfo-27-2018-Digitalisierung-und-Big-Data-Wo-liegt-der-Nutzen-f\u00fcr-Patienten.pdf\">eInfo 27 2018 Digitalisierung und Big Data Wo liegt der Nutzen f\u00fcr Patienten<\/a><\/p>\n<p><a href=\"http:\/\/www.patientennetz.net\/wp-content\/uploads\/eInfo-19-2018-Gesundheit-ist-ein-Menschenrecht.pdf\">eInfo 19 2018 Gesundheit ist ein Menschenrecht<\/a><\/p>\n<p><a href=\"http:\/\/www.patientennetz.net\/wp-content\/uploads\/eInfo-16-2018-Ver\u00f6ffentlichung-des-Nationalen-Aktionsplans-Gesundheitskompetenz.pdf\">eInfo 16 2018 Ver\u00f6ffentlichung des Nationalen Aktionsplans Gesundheitskompetenz<\/a><\/p>\n<p><a href=\"http:\/\/www.patientennetz.net\/wp-content\/uploads\/eInfo-11-2018-Kliniken-wollen-Kommunikation-mit-Patienten-verbessern.pdf\">eInfo 11 2018 Kliniken wollen Kommunikation mit Patienten verbessern<\/a><\/p>\n<p><a href=\"http:\/\/www.patientennetz.net\/wp-content\/uploads\/eInfo-4-2018-Eine-Million-Menschen-suchen-f\u00e4lschlicherweise-Notaufnahmen-in-NRW-auf.pdf\">eInfo 4 2018 Eine Million Menschen suchen f\u00e4lschlicherweise Notaufnahmen in NRW auf<\/a><\/p>\n<p><a href=\"http:\/\/www.patientennetz.net\/wp-content\/uploads\/eInfo-3-2018-Wo-und-wann-sich-Patienten-im-Krankenhaus-wohlf\u00fchlen.pdf\">eInfo 3 2018 Wo und wann sich Patienten im Krankenhaus wohlf\u00fchlen<\/a><\/p>\n<p><strong>2017<\/strong><\/p>\n<p><a href=\"http:\/\/www.patientennetz.net\/wp-content\/uploads\/eInfo-38-2017-Verbraucherzentrale-NRW-fordert-deutlichere-Informationen-bei-Gesundheits-Apps.pdf\">eInfo 38 2017 Verbraucherzentrale NRW fordert deutlichere Informationen bei Gesundheits-Apps<\/a><\/p>\n<p><a href=\"http:\/\/www.patientennetz.net\/wp-content\/uploads\/eInfo-24-2017-Filme-informieren-zugewanderte-Menschen-\u00fcber-Gesundheitssystem-und-f\u00f6rdern-Integration.pdf\">eInfo 24 2017 Filme informieren zugewanderte Menschen \u00fcber Gesundheitssystem und f\u00f6rdern Integration<\/a><\/p>\n<p><a href=\"http:\/\/www.patientennetz.net\/wp-content\/uploads\/eInfo-16-2017-Praxisinformation-erl\u00e4utert-Details-zur-Videosprechstunde.pdf\">eInfo 16 2017 Praxisinformation erl\u00e4utert Details zur Videosprechstunde<\/a><\/p>\n<p><a href=\"http:\/\/www.patientennetz.net\/wp-content\/uploads\/eInfo-11-2017-Heil-und-Hilfsmittelgesetz-bringt-zahlreiche-Ver\u00e4nderungen.pdf\">eInfo 11 2017 Heil- und Hilfsmittelgesetz bringt zahlreiche Ver\u00e4nderungen<\/a><\/p>\n<p><a href=\"http:\/\/www.patientennetz.net\/wp-content\/uploads\/eInfo-10-2017-Universit\u00e4t-Bielefeld-entwickelt-Praxisleitfaden-f\u00fcr-die-Patientenberatung.pdf\">eInfo 10 2017 Universit\u00e4t Bielefeld entwickelt Praxisleitfaden f\u00fcr die Patientenberatung<\/a><\/p>\n<p><a href=\"http:\/\/www.patientennetz.net\/wp-content\/uploads\/eInfo-3-2017-Wie-gut-und-unabh\u00e4ngig-ist-die-neue-Patientenberatung.pdf\">eInfo 3 2017 Wie gut und unabh\u00e4ngig ist die neue Patientenberatung<\/a><\/p>\n<p><strong>2016<\/strong><\/p>\n<p><a href=\"http:\/\/www.patientennetz.net\/wp-content\/uploads\/eInfo-33-2016-Wie-gut-und-unabh\u00e4ngig-ist-die-neue-Patientenberatung.pdf\">e-Info 33 2016 Wie gut und unabh\u00e4ngig ist die neue Patientenberatung<\/a><\/p>\n<p><a href=\"http:\/\/www.patientennetz.net\/wp-content\/uploads\/eInfo-32-2016-Patienten-w\u00fcnschen-sich-mehr-Hilfestellung-im-Umgang-mit-Gesundheits-Apps.pdf\">e-Info 32 2016 Patienten w\u00fcnschen sich mehr Hilfestellung im Umgang mit Gesundheits-Apps<\/a><\/p>\n<p><a href=\"http:\/\/www.patientennetz.net\/wp-content\/uploads\/eInfo-21-2016-G\u00fctesiegel-soll-Orientierung-bieten.pdf\">e-Info 21 2016 G\u00fctesiegel soll Orientierung bieten<\/a><\/p>\n<p><a href=\"http:\/\/www.patientennetz.net\/wp-content\/uploads\/eInfo-20-2016-Was-hab-ich-hilft-tausenden-Patienten.pdf\">e-Info 20 2016 Was hab&#8216; ich hilft tausenden Patienten<\/a><\/p>\n<p><a href=\"http:\/\/www.patientennetz.net\/wp-content\/uploads\/eInfo-17-2016-Behandlungsfehler-wie-bekommen-Betroffene-eine-Entsch\u00e4digung.pdf\">e-Info 17 2016 Behandlungsfehler wie bekommen Betroffene eine Entsch\u00e4digung<\/a><\/p>\n<p><a href=\"http:\/\/www.patientennetz.net\/wp-content\/uploads\/eInfo-12-2016-Wie-die-gesetzlichen-Krankenkassen-Zusatzbeitr\u00e4ge-verstecken.pdf\">e-Info 12 2016 Wie die gesetzlichen Krankenkassen Zusatzbeitr\u00e4ge verstecken<\/a><\/p>\n<p><a href=\"http:\/\/www.patientennetz.net\/wp-content\/uploads\/eInfo-10-2016-Ratgeber-f\u00fcr-Gesundheit-f\u00fcr-Asylsuchende-ver\u00f6ffentlicht.pdf\">e-Info 10 2016 Ratgeber f\u00fcr Gesundheit f\u00fcr Asylsuchende ver\u00f6ffentlicht<\/a><\/p>\n<p><a href=\"http:\/\/www.patientennetz.net\/wp-content\/uploads\/eInfo-8-2016-Patienten-Information.de-in-neuem-Design.pdf\">e-Info 8 2016 Patienten-Information.de in neuem Design<\/a><\/p>\n<p><a href=\"http:\/\/www.patientennetz.net\/wp-content\/uploads\/eInfo-1-2016-Das-\u00e4ndert-sich-2016-im-Gesundheitssystem.pdf\">e-Info 1 2016 Das \u00e4ndert sich 2016 im Gesundheitssystem<\/a><\/p>\n<p><strong>2015<\/strong><\/p>\n<p><a href=\"http:\/\/www.patientennetz.net\/wp-content\/uploads\/eInfo-59-2015-IQWiG-liefert-Gesundheitsinformationen.pdf\">e-Info 59 2015 IQWiG liefert Gesundheitsinformationen<\/a><\/p>\n<p><a href=\"http:\/\/www.patientennetz.net\/wp-content\/uploads\/eInfo-53-2015-Abkassiert-beim-Zahnarzt.pdf\">e-Info 53 2015 Abkassiert beim Zahnarzt<\/a><\/p>\n<p><a href=\"http:\/\/www.patientennetz.net\/wp-content\/uploads\/eInfo-51-2015-Ma\u00dfnahmendatenbank-gesundheitsziele.de_.pdf\">e-Info 51 2015 Ma\u00dfnahmendatenbank gesundheitsziele.de<\/a><\/p>\n<p><a href=\"http:\/\/www.patientennetz.net\/wp-content\/uploads\/eInfo-45-2015-UPD-Entsetzen-im-wissenschaftlichen-Beirat-\u00fcber-Vergabeentscheidung.pdf\">e-Info 45 2015 UPD Entsetzen im wissenschaftlichen Beirat \u00fcber Vergabeentscheidung<\/a><\/p>\n<p><a href=\"http:\/\/www.patientennetz.net\/wp-content\/uploads\/eInfo-36-2015-Der-digitale-Patient.pdf\">e-Info 36 2015 Der digitale Patient<\/a><\/p>\n<p>&nbsp;<\/p>\n<p>&nbsp;<\/p>\n","protected":false},"excerpt":{"rendered":"<p>Von 2012 bis 2018 haben wir aktuelle Informationen aus dem Gesundheitsbereich als \u201ee-Info\u201c per Mail verschickt. Es ging dabei\u00a0 um Themen und Diskussionen, die aus Sicht von Patient*innen relevant sind, wie z.B. Patientenbeteiligung, Gesetzgebung, Gesundheit &amp; Armut, neue Entwicklungen&#8230;\u00a0\u00a0Aktuell sind keine weiteren E-Infos geplant.\u00a0\u00a0 Hier sind exemplarisch einige e-Infos aus den vergangenen Jahren aufgef\u00fchrt: 2018 [&hellip;]<\/p>\n","protected":false},"author":4,"featured_media":0,"parent":62,"menu_order":1,"comment_status":"closed","ping_status":"closed","template":"","meta":{"footnotes":""},"class_list":["post-1301","page","type-page","status-publish","hentry"],"_links":{"self":[{"href":"https:\/\/www.patientennetz.net\/index.php?rest_route=\/wp\/v2\/pages\/1301","targetHints":{"allow":["GET"]}}],"collection":[{"href":"https:\/\/www.patientennetz.net\/index.php?rest_route=\/wp\/v2\/pages"}],"about":[{"href":"https:\/\/www.patientennetz.net\/index.php?rest_route=\/wp\/v2\/types\/page"}],"author":[{"embeddable":true,"href":"https:\/\/www.patientennetz.net\/index.php?rest_route=\/wp\/v2\/users\/4"}],"replies":[{"embeddable":true,"href":"https:\/\/www.patientennetz.net\/index.php?rest_route=%2Fwp%2Fv2%2Fcomments&post=1301"}],"version-history":[{"count":18,"href":"https:\/\/www.patientennetz.net\/index.php?rest_route=\/wp\/v2\/pages\/1301\/revisions"}],"predecessor-version":[{"id":2199,"href":"https:\/\/www.patientennetz.net\/index.php?rest_route=\/wp\/v2\/pages\/1301\/revisions\/2199"}],"up":[{"embeddable":true,"href":"https:\/\/www.patientennetz.net\/index.php?rest_route=\/wp\/v2\/pages\/62"}],"wp:attachment":[{"href":"https:\/\/www.patientennetz.net\/index.php?rest_route=%2Fwp%2Fv2%2Fmedia&parent=1301"}],"curies":[{"name":"wp","href":"https:\/\/api.w.org\/{rel}","templated":true}]}}