{"id":172,"date":"2009-06-05T12:55:32","date_gmt":"2009-06-05T10:55:32","guid":{"rendered":"http:\/\/www.patientennetz.net\/patientennetz_0509\/wordpress\/?page_id=172"},"modified":"2025-02-24T22:28:43","modified_gmt":"2025-02-24T21:28:43","slug":"grenzenlose-gesundheit","status":"publish","type":"page","link":"https:\/\/www.patientennetz.net\/?page_id=172","title":{"rendered":"Grenzenlose Gesundheit"},"content":{"rendered":"<h3><strong>Grenzenlose Gesundheit<\/strong><\/h3>\n<p>In vielen Grenzregionen &#8211; insbesondere zwischen der Niederlande und Deutschland &#8211; f\u00fchrt f\u00fcr Millionen von Menschen der n\u00e4chste Weg zum Arzt, ins Krankenhaus oder zu einer Selbsthilfegruppe oft \u00fcber die Grenze ins jeweilige Nachbarland.<\/p>\n<h4><strong>Nach Holland zum Arzt <\/strong><\/h4>\n<p>Patientinnen und Patienten haben vielf\u00e4ltige Gr\u00fcnde, sich nicht im Heimat- sondern in einem Nachbarland behandeln zu lassen: ein vor\u00fcbergehender Auslandsaufenthalt &#8211; etwa eine Urlaubsreise oder ein Studienaufenthalt &#8211; k\u00f6nnen eine medizinische Behandlung im Ausland notwendig machen. Daneben bietet sich in zahlreichen Grenzregionen eine transnationale Gesundheitsversorgung an, mit der z.T. erhebliche Synergieeffekte erzielt werden k\u00f6nnen. Schlie\u00dflich wird eine Behandlung im Ausland auch von einer wachsenden Zahl von Patienten gezielt gesucht, vor allem aus Kostengr\u00fcnden.<\/p>\n<p>Deutsche Krankenkassen unterhalten seit einiger Zeit vertragliche Beziehungen auch mit ausl\u00e4ndischen Anbietern von Gesundheitsdiensten. Waren die M\u00f6glichkeiten in diesem Bereich vor 2004 noch begrenzt, so k\u00f6nnen die Kassen seit der Einf\u00fchrung des \u00a7 140 e SGB V direkte Vertr\u00e4ge mit Leistungserbringern im EU-Ausland sowie in den EWR-Staaten Schweiz, Liechtenstein, Norwegen und Island abschlie\u00dfen.<\/p>\n<h4><strong>Patientenmobilit\u00e4tsrichtlinie f\u00fcr Behandlungen in Europa<\/strong><\/h4>\n<p>Seit 2011 gilt in der EU die sogenannte Patientenmobilit\u00e4tsrichtlinie, die die gesundheitliche Versorgung bei Behandlungen im EU-Ausland regelt. F\u00fcr wen diese Richtlinie gilt und was sich dadurch ver\u00e4ndert, finden Sie hier <a href=\"http:\/\/www.bmg.bund.de\/glossarbegriffe\/p-q\/patientenmobilitaetsrichtlinie.html\">http:\/\/www.bmg.bund.de\/glossarbegriffe\/p-q\/patientenmobilitaetsrichtlinie.html<\/a><\/p>\n<p>Viele Informationen rund um eine Behandlung im EU-Ausland, in den EWR-Staaten oder in der Schweiz finden sich auf dieser Seite: <a href=\"http:\/\/www.eu-patienten.de\/de\/behandlung_ausland\/behandlung_im_eu_ausland.jsp\">http:\/\/www.eu-patienten.de\/de\/behandlung_ausland\/behandlung_im_eu_ausland.jsp<\/a><\/p>\n<h4><strong>Grenz\u00fcberschreitende Selbsthilfe in der Euregio Maas-Rhein<\/strong><\/h4>\n<p>Die Erfahrung von Defiziten in der medizinischen Versorgung vor Ort veranlasste Selbsthilfegruppen, Landesgrenzen zu \u00fcberschreiten auf der Suche nach \u201ebest practise\u201c Verfahren. 1988 gr\u00fcndeten Selbsthilfeorganisationen aus Belgien, Deutschland und den Niederlanden in der Euregio Maas-Rhein (EMR) ein Netzwerk, um den gegenseitigen Austausch zu pflegen und Informationen zur grenz\u00fcberschreitenden Gesundheitsversorgung zusammenzutragen.<\/p>\n<p>1999 legte SELF-HELP EMR auf der zweiten Euregionalen Gesundheitskonferenz eine Resolution zur Gleichberechtigung der Selbsthilfe und Patientenvertretungen mit allen Akteuren im Versorgungssystem vor, die nichts an Aktualit\u00e4t eingeb\u00fc\u00dft hat. 10 Jahre sp\u00e4ter haben Selbsthilfe- und Patientenorganisationen Res\u00fcmee gezogen und ihre Forderungen in einem 10-Punkte Papier bekr\u00e4ftigt.\u00a0 2014 haben sich die in SELF-HELP EMR zusammen geschlossenen Selbsthilfe- und Patientenorganisationen der Stiftung euPrevent angeschlossen und setzen sich seither in der Programmlinie \u201ePatient Power\u201c f\u00fcr eine grenz\u00fcberschreitende Umsetzung von Patientenrechten und die St\u00e4rkung der Selbsthilfe ein.<br \/>\n<a href=\"http:\/\/www.euprevent.eu\">http:\/\/www.euprevent.eu<\/a><\/p>\n<h4><strong>Flyer: Gesundheitsversorgung f\u00fcr Unionsb\u00fcrger*innen<\/strong><\/h4>\n<p>Der Zugang zum Gesundheitssystem ist ein wichtiges Thema f\u00fcr Zugewanderte. In Deutschland gilt im Allgemeinen eine Krankenversicherungspflicht. Es ist aber nicht immer leicht, sich zurechtzufinden. Eine Reihe von insgesamt 6 Flyern zu unterschiedlichen Themen der Gesundheitsversorgung in 11 Sprachen soll eine erste Hilfestellung geben. Zu finden sind diese Flyer <a href=\"https:\/\/www.eu-gleichbehandlungsstelle.de\/eugs-de\/ueber-uns\/publikationen\">hier<\/a><\/p>\n<p>Es geht darin um folgende Themen<\/p>\n<p>Die Themen der jeweiligen Flyer sind:<\/p>\n<p>1. Was ist die EHIC \u2013 European Health Insurance Card?<br \/>\n2. Zugang zur gesetzlichen Krankenversicherung<br \/>\n3. Die Familienversicherung<br \/>\n4. Beitragsschulden<br \/>\n5. Private Krankenversicherung<br \/>\n6. Personen ohne Versicherungsschutz<\/p>\n<p>&nbsp;<\/p>\n<p>&nbsp;<\/p>\n","protected":false},"excerpt":{"rendered":"<p>Grenzenlose Gesundheit In vielen Grenzregionen &#8211; insbesondere zwischen der Niederlande und Deutschland &#8211; f\u00fchrt f\u00fcr Millionen von Menschen der n\u00e4chste Weg zum Arzt, ins Krankenhaus oder zu einer Selbsthilfegruppe oft \u00fcber die Grenze ins jeweilige Nachbarland. Nach Holland zum Arzt Patientinnen und Patienten haben vielf\u00e4ltige Gr\u00fcnde, sich nicht im Heimat- sondern in einem Nachbarland behandeln [&hellip;]<\/p>\n","protected":false},"author":3,"featured_media":0,"parent":991,"menu_order":6,"comment_status":"open","ping_status":"open","template":"","meta":{"footnotes":""},"class_list":["post-172","page","type-page","status-publish","hentry"],"_links":{"self":[{"href":"https:\/\/www.patientennetz.net\/index.php?rest_route=\/wp\/v2\/pages\/172","targetHints":{"allow":["GET"]}}],"collection":[{"href":"https:\/\/www.patientennetz.net\/index.php?rest_route=\/wp\/v2\/pages"}],"about":[{"href":"https:\/\/www.patientennetz.net\/index.php?rest_route=\/wp\/v2\/types\/page"}],"author":[{"embeddable":true,"href":"https:\/\/www.patientennetz.net\/index.php?rest_route=\/wp\/v2\/users\/3"}],"replies":[{"embeddable":true,"href":"https:\/\/www.patientennetz.net\/index.php?rest_route=%2Fwp%2Fv2%2Fcomments&post=172"}],"version-history":[{"count":9,"href":"https:\/\/www.patientennetz.net\/index.php?rest_route=\/wp\/v2\/pages\/172\/revisions"}],"predecessor-version":[{"id":1988,"href":"https:\/\/www.patientennetz.net\/index.php?rest_route=\/wp\/v2\/pages\/172\/revisions\/1988"}],"up":[{"embeddable":true,"href":"https:\/\/www.patientennetz.net\/index.php?rest_route=\/wp\/v2\/pages\/991"}],"wp:attachment":[{"href":"https:\/\/www.patientennetz.net\/index.php?rest_route=%2Fwp%2Fv2%2Fmedia&parent=172"}],"curies":[{"name":"wp","href":"https:\/\/api.w.org\/{rel}","templated":true}]}}