{"id":2360,"date":"2025-05-19T12:49:29","date_gmt":"2025-05-19T10:49:29","guid":{"rendered":"http:\/\/www.patientennetz.net\/?page_id=2360"},"modified":"2025-05-19T12:50:44","modified_gmt":"2025-05-19T10:50:44","slug":"prof-dr-doris-schaeffer","status":"publish","type":"page","link":"https:\/\/www.patientennetz.net\/?page_id=2360","title":{"rendered":"Prof. Dr. Doris Schaeffer, Professorin f\u00fcr Gesundheitswissenschaften an der\u00a0Universit\u00e4t Bielefeld"},"content":{"rendered":"<p><em>Herzlichen Gl\u00fcckwunsch zum Jubil\u00e4um &#8211; 25 Jahre PatientInnen-Netzwerk NRW hei\u00dft auch 25 Jahre Unterst\u00fctzung der Patient:innen und Nutzer:innen. Dies geschieht u.a. durch die St\u00e4rkung der Gesundheitskompetenz der Patient:innen und Angeh\u00f6rigen sowie der Professionellen und der Strukturen im Gesundheitswesen durch vielf\u00e4ltige Patientenbeteiligung. Aus meinem Arbeitsfeld Gesundheitskompetenz wei\u00df ich dies sehr zu sch\u00e4tzen und hoffe auf weitere erfolgreiche Jahre des PatientInnen-Netzwerks.<\/em><\/p>\n","protected":false},"excerpt":{"rendered":"<p>Herzlichen Gl\u00fcckwunsch zum Jubil\u00e4um &#8211; 25 Jahre PatientInnen-Netzwerk NRW hei\u00dft auch 25 Jahre Unterst\u00fctzung der Patient:innen und Nutzer:innen. Dies geschieht u.a. durch die St\u00e4rkung der Gesundheitskompetenz der Patient:innen und Angeh\u00f6rigen sowie der Professionellen und der Strukturen im Gesundheitswesen durch vielf\u00e4ltige Patientenbeteiligung. Aus meinem Arbeitsfeld Gesundheitskompetenz wei\u00df ich dies sehr zu sch\u00e4tzen und hoffe auf weitere [&hellip;]<\/p>\n","protected":false},"author":8,"featured_media":0,"parent":0,"menu_order":0,"comment_status":"closed","ping_status":"closed","template":"","meta":{"footnotes":""},"class_list":["post-2360","page","type-page","status-publish","hentry"],"_links":{"self":[{"href":"https:\/\/www.patientennetz.net\/index.php?rest_route=\/wp\/v2\/pages\/2360","targetHints":{"allow":["GET"]}}],"collection":[{"href":"https:\/\/www.patientennetz.net\/index.php?rest_route=\/wp\/v2\/pages"}],"about":[{"href":"https:\/\/www.patientennetz.net\/index.php?rest_route=\/wp\/v2\/types\/page"}],"author":[{"embeddable":true,"href":"https:\/\/www.patientennetz.net\/index.php?rest_route=\/wp\/v2\/users\/8"}],"replies":[{"embeddable":true,"href":"https:\/\/www.patientennetz.net\/index.php?rest_route=%2Fwp%2Fv2%2Fcomments&post=2360"}],"version-history":[{"count":3,"href":"https:\/\/www.patientennetz.net\/index.php?rest_route=\/wp\/v2\/pages\/2360\/revisions"}],"predecessor-version":[{"id":2363,"href":"https:\/\/www.patientennetz.net\/index.php?rest_route=\/wp\/v2\/pages\/2360\/revisions\/2363"}],"wp:attachment":[{"href":"https:\/\/www.patientennetz.net\/index.php?rest_route=%2Fwp%2Fv2%2Fmedia&parent=2360"}],"curies":[{"name":"wp","href":"https:\/\/api.w.org\/{rel}","templated":true}]}}