{"id":2367,"date":"2025-05-19T13:02:22","date_gmt":"2025-05-19T11:02:22","guid":{"rendered":"http:\/\/www.patientennetz.net\/?page_id=2367"},"modified":"2025-05-19T13:02:22","modified_gmt":"2025-05-19T11:02:22","slug":"dirk-ruiss-vdek-nrw","status":"publish","type":"page","link":"https:\/\/www.patientennetz.net\/?page_id=2367","title":{"rendered":"Dirk Ruiss, vdek \u2013 NRW"},"content":{"rendered":"<p><strong><a href=\"http:\/\/www.patientennetz.net\/wp-content\/uploads\/13_VDEK_2023_Rauch_3x4_HF6A9207.jpg\"><img loading=\"lazy\" decoding=\"async\" class=\"alignleft size-medium wp-image-2368\" src=\"http:\/\/www.patientennetz.net\/wp-content\/uploads\/13_VDEK_2023_Rauch_3x4_HF6A9207-300x225.jpg\" alt=\"\" width=\"300\" height=\"225\" srcset=\"https:\/\/www.patientennetz.net\/wp-content\/uploads\/13_VDEK_2023_Rauch_3x4_HF6A9207-300x225.jpg 300w, https:\/\/www.patientennetz.net\/wp-content\/uploads\/13_VDEK_2023_Rauch_3x4_HF6A9207-1024x768.jpg 1024w\" sizes=\"auto, (max-width: 300px) 100vw, 300px\" \/><\/a>Warum halten Sie die Arbeit des PatientInnen-Netzwerks f\u00fcr wichtig?<br \/>\n<\/strong><em>In einem hochkomplexen und institutionalisierten System mit vielen Akteuren und Interessen wie unserem Gesundheitswesen, wird die Stimme derer, um die es geht, manchmal \u00fcberh\u00f6rt. Die Arbeit und der Einsatz des PatientInnen-Netzwerks Nordrhein-Westfalen sorgt seit 25 Jahren erfolgreich daf\u00fcr, dass die Stimme der PatientInnen laut und deutlich wahrgenommen wird. Damit leistet das Netzwerk einen unverzichtbaren Beitrag f\u00fcr eine Versorgung auf Augenh\u00f6he.<\/em><\/p>\n<p><strong>Gibt es ein besonderes Erlebnis oder eine Erfahrung mit dem PatientInnen-<em>Netzwerk, die Ihnen in Erinnerung geblieben ist?<\/em><\/strong><em>In besonderer und positiver Erinnerung ist mir geblieben, wie konsequent sich das PatientInnen-Netzwerk beispielsweise im 90a Gremium f\u00fcr die konkrete Perspektive der PatientInnen eingesetzt hat. Bei allen Versorgungsfragen ist dieser besondere Blick wichtig, auch um politisch ausgewogene L\u00f6sungen zu erarbeiten und nicht am \u201eGr\u00fcnen Tisch\u201c Entscheidungen abseits der Versorgungsrealit\u00e4t zu treffen. Konsequent hat das PatientInnen-Netzwerk im 90a-Gremium auch immer wieder die Wartezeitenproblematik f\u00fcr GKV-Versicherte und die inakzeptable Bevorzugung von PrivatpatientInnen problematisiert. <\/em><\/p>\n<p><strong>Was w\u00fcnschen Sie sich f\u00fcr die zuk\u00fcnftige Arbeit des PatientInnen-Netzwerks?<\/strong><\/p>\n<p><em>Ich w\u00fcnsche mir f\u00fcr die Zukunft, dass das PatientInnen-Netzwerk nicht nachl\u00e4sst die Stimme der Patientinnen und Patienten laut und deutlich wahrnehmbar zu vertreten. Dabei darf die Zusammenarbeit gerne weiterhin kooperativ und l\u00f6sungsorientiert bleiben. Das PatientInnen-Netzwerk sollte aber auch streitbar bleiben und sich sowohl im 90a-Gremium als auch in der Landesgesundheitskonferenz immer wieder zu Wort melden.<\/em><\/p>\n","protected":false},"excerpt":{"rendered":"<p>Warum halten Sie die Arbeit des PatientInnen-Netzwerks f\u00fcr wichtig? In einem hochkomplexen und institutionalisierten System mit vielen Akteuren und Interessen wie unserem Gesundheitswesen, wird die Stimme derer, um die es geht, manchmal \u00fcberh\u00f6rt. Die Arbeit und der Einsatz des PatientInnen-Netzwerks Nordrhein-Westfalen sorgt seit 25 Jahren erfolgreich daf\u00fcr, dass die Stimme der PatientInnen laut und deutlich [&hellip;]<\/p>\n","protected":false},"author":8,"featured_media":0,"parent":0,"menu_order":0,"comment_status":"closed","ping_status":"closed","template":"","meta":{"footnotes":""},"class_list":["post-2367","page","type-page","status-publish","hentry"],"_links":{"self":[{"href":"https:\/\/www.patientennetz.net\/index.php?rest_route=\/wp\/v2\/pages\/2367","targetHints":{"allow":["GET"]}}],"collection":[{"href":"https:\/\/www.patientennetz.net\/index.php?rest_route=\/wp\/v2\/pages"}],"about":[{"href":"https:\/\/www.patientennetz.net\/index.php?rest_route=\/wp\/v2\/types\/page"}],"author":[{"embeddable":true,"href":"https:\/\/www.patientennetz.net\/index.php?rest_route=\/wp\/v2\/users\/8"}],"replies":[{"embeddable":true,"href":"https:\/\/www.patientennetz.net\/index.php?rest_route=%2Fwp%2Fv2%2Fcomments&post=2367"}],"version-history":[{"count":1,"href":"https:\/\/www.patientennetz.net\/index.php?rest_route=\/wp\/v2\/pages\/2367\/revisions"}],"predecessor-version":[{"id":2369,"href":"https:\/\/www.patientennetz.net\/index.php?rest_route=\/wp\/v2\/pages\/2367\/revisions\/2369"}],"wp:attachment":[{"href":"https:\/\/www.patientennetz.net\/index.php?rest_route=%2Fwp%2Fv2%2Fmedia&parent=2367"}],"curies":[{"name":"wp","href":"https:\/\/api.w.org\/{rel}","templated":true}]}}