{"id":2372,"date":"2025-05-19T13:10:07","date_gmt":"2025-05-19T11:10:07","guid":{"rendered":"http:\/\/www.patientennetz.net\/?page_id=2372"},"modified":"2025-05-19T13:38:33","modified_gmt":"2025-05-19T11:38:33","slug":"klaus-bremen-mitbegruender-des-pnw","status":"publish","type":"page","link":"https:\/\/www.patientennetz.net\/?page_id=2372","title":{"rendered":"Klaus Bremen, Mitbegr\u00fcnder des PNW"},"content":{"rendered":"<p><strong>Warum halten Sie die Arbeit des PatientInnen-Netzwerks f\u00fcr wichtig?<\/strong><br \/>\n<em>Ich halte die Arbeit des PatientInnen-Netzwerk f\u00fcr wichtig, weil das Netzwerk sich f\u00fcr eine Rolle und ein Bild von PatientInnen engagiert, das auch nach 25 Jahren und der historischen Erfahrung einer Pandemie superaktuell ist: Menschen, die f\u00fcr sich Verantwortung \u00fcbernehmen und die Partnerschaft derer einklagen, die sie behandeln und versorgen.<\/em><\/p>\n<p><strong>Gibt es ein besonderes Erlebnis oder eine Erfahrung mit dem PatientInnen-<\/strong><em><strong>Netzwerk, die Ihnen in Erinnerung geblieben ist?<\/strong><br \/>\n<\/em><em>Hennes Bender und seine Nummer zur Pati-Ente, die er bei der Gr\u00fcndungsveranstaltung und als noch v\u00f6llig unbekannter Comedian aufgef\u00fchrt hat: Dieses seltsame Tier &#8211; und Hennes Bender &#8211; begleiten mich bis heute.<\/em><\/p>\n<p><strong>Was w\u00fcnschen Sie sich f\u00fcr die zuk\u00fcnftige Arbeit des PatientInnen-Netzwerks?<\/strong><br \/>\n<em>Ich w\u00fcnsche mir, dass die das Netzwerk tragenden Menschen Wege finden, mit ihren Ideen und ihrem Engagement noch wirksamer zu werden: Ein k\u00fcnftiger sozialer Staat braucht solche Ideen und kluge Wege, damit wir alle den langen Lauf durch ein Zeitalter der Klima- und Naturver\u00e4nderungen schaffen.<\/em><\/p>\n","protected":false},"excerpt":{"rendered":"<p>Warum halten Sie die Arbeit des PatientInnen-Netzwerks f\u00fcr wichtig? Ich halte die Arbeit des PatientInnen-Netzwerk f\u00fcr wichtig, weil das Netzwerk sich f\u00fcr eine Rolle und ein Bild von PatientInnen engagiert, das auch nach 25 Jahren und der historischen Erfahrung einer Pandemie superaktuell ist: Menschen, die f\u00fcr sich Verantwortung \u00fcbernehmen und die Partnerschaft derer einklagen, die [&hellip;]<\/p>\n","protected":false},"author":8,"featured_media":0,"parent":0,"menu_order":0,"comment_status":"closed","ping_status":"closed","template":"","meta":{"footnotes":""},"class_list":["post-2372","page","type-page","status-publish","hentry"],"_links":{"self":[{"href":"https:\/\/www.patientennetz.net\/index.php?rest_route=\/wp\/v2\/pages\/2372","targetHints":{"allow":["GET"]}}],"collection":[{"href":"https:\/\/www.patientennetz.net\/index.php?rest_route=\/wp\/v2\/pages"}],"about":[{"href":"https:\/\/www.patientennetz.net\/index.php?rest_route=\/wp\/v2\/types\/page"}],"author":[{"embeddable":true,"href":"https:\/\/www.patientennetz.net\/index.php?rest_route=\/wp\/v2\/users\/8"}],"replies":[{"embeddable":true,"href":"https:\/\/www.patientennetz.net\/index.php?rest_route=%2Fwp%2Fv2%2Fcomments&post=2372"}],"version-history":[{"count":2,"href":"https:\/\/www.patientennetz.net\/index.php?rest_route=\/wp\/v2\/pages\/2372\/revisions"}],"predecessor-version":[{"id":2390,"href":"https:\/\/www.patientennetz.net\/index.php?rest_route=\/wp\/v2\/pages\/2372\/revisions\/2390"}],"wp:attachment":[{"href":"https:\/\/www.patientennetz.net\/index.php?rest_route=%2Fwp%2Fv2%2Fmedia&parent=2372"}],"curies":[{"name":"wp","href":"https:\/\/api.w.org\/{rel}","templated":true}]}}