{"id":2375,"date":"2025-05-19T13:15:10","date_gmt":"2025-05-19T11:15:10","guid":{"rendered":"http:\/\/www.patientennetz.net\/?page_id=2375"},"modified":"2025-05-19T13:15:10","modified_gmt":"2025-05-19T11:15:10","slug":"gerhard-herrmann-abteilungsleiter-v-gesundheitsversorgung-krankenversicherung-ministerium-fuer-arbeit-gesundheit-und-soziales-des-landes-nordrhein-westfalen","status":"publish","type":"page","link":"https:\/\/www.patientennetz.net\/?page_id=2375","title":{"rendered":"Gerhard Herrmann, Abteilungsleiter V \u201eGesundheitsversorgung, Krankenversicherung\u201c,  Ministerium f\u00fcr Arbeit, Gesundheit und Soziales des Landes Nordrhein-  Westfalen"},"content":{"rendered":"<p><em>Die Orientierung gesundheitlicher Versorgung an den Belangen von Patientinnen und Patienten ist mir ein sehr wichtiges Anliegen. Das deutsche Gesundheitssystem mit seinen zahlreichen Akteurinnen und Akteuren und vielf\u00e4ltigen Leistungen, von der Gesundheitsf\u00f6rderung und Pr\u00e4vention \u00fcber die Kuration bis zur Rehabilitation und Pflege, ist sehr komplex. Deshalb ist es oft nicht leicht, sich zu orientieren und eigenst\u00e4ndige Entscheidungen f\u00fcr komplexe wie individuelle Versorgungsbedarfe zu treffen. Patientenbeteiligung tr\u00e4gt einen wichtigen Teil dazu bei, dass die Rechte der Erkrankten, ihre Anliegen und W\u00fcnsche nicht nur im Versorgungsalltag geh\u00f6rt, sondern auch auf Augenh\u00f6he wahrgenommen werden.<\/em><em>\u00a0<\/em><\/p>\n<p><em>Seit nun 25 Jahren setzt sich das PatientInnen-Netzwerk NRW (PNW) daf\u00fcr ein, dass sich Patientinnen und Patienten Handlungsspielr\u00e4ume aneignen k\u00f6nnen und dadurch mehr Entscheidungssicherheit erhalten. Ich freue mich sehr, dass wir seit 2016 das PNW in gemeinsamen Projekten mit dem Koordinierungsausschuss der Patientenorganisationen nach \u00a7140f SGB V (KooA NRW) im Rahmen gemeinsamer Projekte als \u201ePatientenbeteiligung NRW\u201c f\u00f6rdern k\u00f6nnen. Als landesweite Anlaufstelle unterst\u00fctzen sie die ma\u00dfgeblichen Patientenorganisationen sowie die Patientenvertreterinnen und -vertreter bei ihrer meist ehrenamtlichen Arbeit \u2013 beispielsweise durch Coaching, Vernetzungsformate, Gremienarbeit und Schulungsangebote.<\/em><em>\u00a0<\/em><\/p>\n<p><em>Man kann sicherlich sagen, dass die Projektreihe dazu beigetragen hat, eine \u2013 u. a. auch in der Gesundheitsministerkonferenz 2018 beschlossene \u2013 St\u00e4rkung der kollektiven Patientenbeteiligung in der Praxis zu erreichen und auch, dass Nordrhein-Westfalen durch die gute Arbeit der Patientenbeteiligung NRW in den vergangenen Jahren eine Vorreiterrolle eingenommen hat.<\/em><em>\u00a0<\/em><\/p>\n<p><em>Ich bin \u00fcberzeugt, dass die Patientenbeteiligung NRW, die es sich zum Ziel gemacht hat, ihre Perspektive in den wichtigen Gremien der gesundheitlichen Versorgung kenntnisreich einzubringen, auch weiterhin als Sprachrohr der Patientinnen und Patienten und Bindeglied zur Politik in Nordrhein-Westfalen fungieren wird.<\/em><\/p>\n","protected":false},"excerpt":{"rendered":"<p>Die Orientierung gesundheitlicher Versorgung an den Belangen von Patientinnen und Patienten ist mir ein sehr wichtiges Anliegen. Das deutsche Gesundheitssystem mit seinen zahlreichen Akteurinnen und Akteuren und vielf\u00e4ltigen Leistungen, von der Gesundheitsf\u00f6rderung und Pr\u00e4vention \u00fcber die Kuration bis zur Rehabilitation und Pflege, ist sehr komplex. Deshalb ist es oft nicht leicht, sich zu orientieren und [&hellip;]<\/p>\n","protected":false},"author":8,"featured_media":0,"parent":0,"menu_order":0,"comment_status":"closed","ping_status":"closed","template":"","meta":{"footnotes":""},"class_list":["post-2375","page","type-page","status-publish","hentry"],"_links":{"self":[{"href":"https:\/\/www.patientennetz.net\/index.php?rest_route=\/wp\/v2\/pages\/2375","targetHints":{"allow":["GET"]}}],"collection":[{"href":"https:\/\/www.patientennetz.net\/index.php?rest_route=\/wp\/v2\/pages"}],"about":[{"href":"https:\/\/www.patientennetz.net\/index.php?rest_route=\/wp\/v2\/types\/page"}],"author":[{"embeddable":true,"href":"https:\/\/www.patientennetz.net\/index.php?rest_route=\/wp\/v2\/users\/8"}],"replies":[{"embeddable":true,"href":"https:\/\/www.patientennetz.net\/index.php?rest_route=%2Fwp%2Fv2%2Fcomments&post=2375"}],"version-history":[{"count":1,"href":"https:\/\/www.patientennetz.net\/index.php?rest_route=\/wp\/v2\/pages\/2375\/revisions"}],"predecessor-version":[{"id":2376,"href":"https:\/\/www.patientennetz.net\/index.php?rest_route=\/wp\/v2\/pages\/2375\/revisions\/2376"}],"wp:attachment":[{"href":"https:\/\/www.patientennetz.net\/index.php?rest_route=%2Fwp%2Fv2%2Fmedia&parent=2375"}],"curies":[{"name":"wp","href":"https:\/\/api.w.org\/{rel}","templated":true}]}}