{"id":2379,"date":"2025-05-19T13:25:29","date_gmt":"2025-05-19T11:25:29","guid":{"rendered":"http:\/\/www.patientennetz.net\/?page_id=2379"},"modified":"2025-05-19T13:25:29","modified_gmt":"2025-05-19T11:25:29","slug":"marco-schmitz-mdl","status":"publish","type":"page","link":"https:\/\/www.patientennetz.net\/?page_id=2379","title":{"rendered":"Marco Schmitz, MdL"},"content":{"rendered":"<p><span data-olk-copy-source=\"MessageBody\">Sprecher der CDU-Fraktion f\u00fcr den\u00a0Ausschuss \u201eArbeit, Gesundheit und Soziales\u201c<br \/>\n<\/span>Vorsitzender des Stiftungsrates der Sozialstiftung NRW<\/p>\n<p><strong><em>Bedeutung der Arbeit:<\/em><\/strong><\/p>\n<p><em>&#8222;Das PatientInnen-Netzwerk NRW ist eine wichtige Stimme f\u00fcr Patientinnen und Patienten in unserem Land. Es setzt sich unerm\u00fcdlich f\u00fcr deren Rechte, Information und Mitbestimmung im Gesundheitswesen ein. Gerade in einer Zeit, in der die Gesundheitsversorgung immer komplexer wird, ist eine starke Interessenvertretung essenziell.&#8220;<\/em><\/p>\n<p><em>\u00a0<\/em><\/p>\n<p><strong><em>Pers\u00f6nliche Erfahrung:<\/em><\/strong><\/p>\n<p><em>&#8222;Besonders beeindruckt hat mich der konstruktive Austausch mit dem PatientInnen-Netzwerk NRW zu den Herausforderungen in der gesundheitlichen Versorgung. Die praxisnahen Impulse und der enge Kontakt zu Betroffenen helfen dabei, Politik und Versorgung st\u00e4rker an den Bed\u00fcrfnissen der Patientinnen und Patienten auszurichten.&#8220;<\/em><\/p>\n<p><em>\u00a0<\/em><\/p>\n<p><strong><em>Wunsch f\u00fcr die Zukunft:<\/em><\/strong><\/p>\n<p><em>&#8222;F\u00fcr die Zukunft w\u00fcnsche ich dem PatientInnen-Netzwerk NRW weiterhin eine starke Stimme und engagierte Mitstreiterinnen und Mitstreiter. Die Patientenperspektive muss auch in den kommenden Jahren eine zentrale Rolle in der Gesundheitspolitik spielen \u2013 daf\u00fcr leistet das Netzwerk einen unverzichtbaren Beitrag!&#8220;<\/em><\/p>\n","protected":false},"excerpt":{"rendered":"<p>Sprecher der CDU-Fraktion f\u00fcr den\u00a0Ausschuss \u201eArbeit, Gesundheit und Soziales\u201c Vorsitzender des Stiftungsrates der Sozialstiftung NRW Bedeutung der Arbeit: &#8222;Das PatientInnen-Netzwerk NRW ist eine wichtige Stimme f\u00fcr Patientinnen und Patienten in unserem Land. Es setzt sich unerm\u00fcdlich f\u00fcr deren Rechte, Information und Mitbestimmung im Gesundheitswesen ein. Gerade in einer Zeit, in der die Gesundheitsversorgung immer komplexer [&hellip;]<\/p>\n","protected":false},"author":8,"featured_media":0,"parent":0,"menu_order":0,"comment_status":"closed","ping_status":"closed","template":"","meta":{"footnotes":""},"class_list":["post-2379","page","type-page","status-publish","hentry"],"_links":{"self":[{"href":"https:\/\/www.patientennetz.net\/index.php?rest_route=\/wp\/v2\/pages\/2379","targetHints":{"allow":["GET"]}}],"collection":[{"href":"https:\/\/www.patientennetz.net\/index.php?rest_route=\/wp\/v2\/pages"}],"about":[{"href":"https:\/\/www.patientennetz.net\/index.php?rest_route=\/wp\/v2\/types\/page"}],"author":[{"embeddable":true,"href":"https:\/\/www.patientennetz.net\/index.php?rest_route=\/wp\/v2\/users\/8"}],"replies":[{"embeddable":true,"href":"https:\/\/www.patientennetz.net\/index.php?rest_route=%2Fwp%2Fv2%2Fcomments&post=2379"}],"version-history":[{"count":1,"href":"https:\/\/www.patientennetz.net\/index.php?rest_route=\/wp\/v2\/pages\/2379\/revisions"}],"predecessor-version":[{"id":2380,"href":"https:\/\/www.patientennetz.net\/index.php?rest_route=\/wp\/v2\/pages\/2379\/revisions\/2380"}],"wp:attachment":[{"href":"https:\/\/www.patientennetz.net\/index.php?rest_route=%2Fwp%2Fv2%2Fmedia&parent=2379"}],"curies":[{"name":"wp","href":"https:\/\/api.w.org\/{rel}","templated":true}]}}