{"id":270,"date":"2009-06-23T13:36:44","date_gmt":"2009-06-23T11:36:44","guid":{"rendered":"http:\/\/www.patientennetz.net\/patientennetz_0509\/wordpress\/?page_id=270"},"modified":"2025-02-24T22:47:01","modified_gmt":"2025-02-24T21:47:01","slug":"newsletter","status":"publish","type":"page","link":"https:\/\/www.patientennetz.net\/?page_id=270","title":{"rendered":"Newsletter"},"content":{"rendered":"<h3>Newsletter &#8222;Patientenbrief NRW&#8220;<\/h3>\n<p>Von November 2008 bis M\u00e4rz 2011 haben wir in unregelm\u00e4\u00dfigen Abst\u00e4nden den Patientenbrief NRW ver\u00f6ffentlicht, mit Informationen f\u00fcr Patientinnen und Patienten zu jeweils einem aktuellen Thema.<\/p>\n<p>Inzwischen ver\u00f6ffentlichen wir so genannte <a href=\"http:\/\/www.patientennetz.net\/?page_id=1301\">eInfos<\/a> zu verschiedenen aktuellen Themen rund um Gesundheitsthemen aus Patientensicht. Sie k\u00f6nnen die eInfos auch abonnieren. Schicken Sie bitte eine Mail an gakstatter [at] paritaet-nrw.org<\/p>\n<p><strong>Archiv<\/strong><\/p>\n<p>2011<\/p>\n<p><a href=\"http:\/\/patientennetz.net\/wp-content\/uploads\/2016\/02\/patientinnenbrief_3-2011_patienten_an_die_macht.pdf\">Patientinnenbrief 3\/2011 &#8222;Patienten an die Macht&#8220;<\/a><\/p>\n<p><a href=\"http:\/\/patientennetz.net\/wp-content\/uploads\/2016\/02\/patientinnenbrief_2-2011_upd_startet_neu.pdf\">Patientinnenbrief 2\/2011: UPD startet neu!<\/a><\/p>\n<p><a href=\"http:\/\/patientennetz.net\/wp-content\/uploads\/2016\/02\/patientinnenbrief_1-2011_mehrkostenregelung.pdf\">Patientinnenbrief 1\/2011: Vorsicht bei Vorkasse-Medikamenten<\/a><\/p>\n<p>2010<\/p>\n<p><a href=\"http:\/\/patientennetz.net\/wp-content\/uploads\/2016\/02\/patientinnenbrief-9-2010_letzter_ausweg_reha.pdf\">Patientinnenbrief NRW 9\/2010: &#8222;Letzter Ausweg Reha&#8220;<\/a><\/p>\n<p><a href=\"http:\/\/patientennetz.net\/wp-content\/uploads\/2016\/02\/patientinnenbrief-8-2010_reha-einrichtungen.pdf\">Patientenbrief NRW 8\/2010: &#8222;Welche Reha-Klinik?&#8220;<\/a><\/p>\n<p><a href=\"http:\/\/patientennetz.net\/wp-content\/uploads\/2016\/02\/patientinnenbrief-7-2010_rehabilitation.pdf\">Patientinnenbrief NRW 7\/2010: &#8222;REHABILITATION \u2013 EIN WEITES FELD&#8220;<\/a><\/p>\n<p><a href=\"http:\/\/patientennetz.net\/wp-content\/uploads\/2016\/02\/patientinnenbrief-6-2010-virtueller-erfahrungsaustausch.pdf\">Patientenbrief NRW 6\/2010 Virtueller Erfahrungsaustausch <\/a><\/p>\n<p><a href=\"http:\/\/patientennetz.net\/wp-content\/uploads\/2016\/02\/patientinnenbrief-5-2010_-rat-zum-thema-hilfsmittel.pdf\">Patientinnenbrief 5\/2010: Rat zum Thema Hilfsmittel<\/a><\/p>\n<p><a href=\"http:\/\/patientennetz.net\/wp-content\/uploads\/2016\/02\/patientinnenbrief-4-2010-hausarztmodelle-und-wahltarife.pdf\">Patientinnenbrief 4\/2010 Hausarztmodelle und Wahltarife<\/a><\/p>\n<p><a href=\"http:\/\/patientennetz.net\/wp-content\/uploads\/2016\/02\/patientinnenbrief-3-2010-expertenchat-zahnersatz.pdf\">Patientenbrief 3\/2010 Expertenchat zum Zahnersatz<\/a><\/p>\n<p><a href=\"http:\/\/patientennetz.net\/wp-content\/uploads\/2016\/02\/patientinnenbrief-2-2010-zusatzentgelt.pdf\">Patientenbrief 2\/2010 Zusatzentgelt<\/a><\/p>\n<p><a href=\"http:\/\/patientennetz.net\/wp-content\/uploads\/2016\/02\/patientinnenbrief-1-2010-hilfmittelberatung.pdf\" target=\"_blank\" rel=\"noopener noreferrer\">Patientenbrief 1\/2010 Hilfsmittelberatung<\/a><\/p>\n<p>2009<\/p>\n<p><a href=\"http:\/\/patientennetz.net\/wp-content\/uploads\/2016\/02\/patientinnenbrief-06-2009-patientenverfugungen27.pdf\" target=\"_blank\" rel=\"noopener noreferrer\">Patientenbrief 6\/2009 Patientenverf\u00fcgungen Teil II<\/a><\/p>\n<p><a href=\"http:\/\/patientennetz.net\/wp-content\/uploads\/2016\/02\/patientinnenbrief-5-2009-patientenverfugungen1.pdf\" target=\"_blank\" rel=\"noopener noreferrer\">Patientenbrief 5\/2009: Patientenverf\u00fcgung<\/a><\/p>\n<p><a href=\"http:\/\/patientennetz.net\/wp-content\/uploads\/2016\/02\/patientinnenbrief-4-2009-internetapotheken.pdf\" target=\"_blank\" rel=\"noopener noreferrer\">Patientenbrief 4\/2009: Internetapotheken<\/a><\/p>\n<p><a href=\"http:\/\/patientennetz.net\/wp-content\/uploads\/2016\/02\/patientinnenbrief-3-2009-honorare.pdf\" target=\"_blank\" rel=\"noopener noreferrer\">Patientenbrief 3\/2009: Probleme mit dem Facharzt<\/a><\/p>\n<p><a href=\"http:\/\/patientennetz.net\/wp-content\/uploads\/2016\/02\/patientinnenbrief-2-2009-gesundheitskarte.pdf\" target=\"_blank\" rel=\"noopener noreferrer\">Patientenbrief 2\/2009: Gesundheitskarte<\/a><\/p>\n<p><a href=\"http:\/\/patientennetz.net\/wp-content\/uploads\/2016\/02\/patientinnenbrief-1-2009-krankenkassenwechsel.pdf\" target=\"_blank\" rel=\"noopener noreferrer\">Patientenbrief 1\/2009: Krankenkassenwechsel<\/a><\/p>\n<p>2008<\/p>\n<p><a href=\"http:\/\/patientennetz.net\/wp-content\/uploads\/2016\/02\/patientinnenbrief-2-2008-rontgenbild.pdf\" target=\"_blank\" rel=\"noopener noreferrer\">Patientenbrief 2\/2008: R\u00f6ntgenbild<\/a><\/p>\n<p><a href=\"http:\/\/patientennetz.net\/wp-content\/uploads\/2016\/02\/patientinnenbrief-1-2008-igel.pdf\" target=\"_blank\" rel=\"noopener noreferrer\">Patientenbrief 1\/2008: IGEL<\/a><\/p>\n","protected":false},"excerpt":{"rendered":"<p>Newsletter &#8222;Patientenbrief NRW&#8220; Von November 2008 bis M\u00e4rz 2011 haben wir in unregelm\u00e4\u00dfigen Abst\u00e4nden den Patientenbrief NRW ver\u00f6ffentlicht, mit Informationen f\u00fcr Patientinnen und Patienten zu jeweils einem aktuellen Thema. Inzwischen ver\u00f6ffentlichen wir so genannte eInfos zu verschiedenen aktuellen Themen rund um Gesundheitsthemen aus Patientensicht. Sie k\u00f6nnen die eInfos auch abonnieren. Schicken Sie bitte eine Mail [&hellip;]<\/p>\n","protected":false},"author":3,"featured_media":0,"parent":62,"menu_order":2,"comment_status":"open","ping_status":"open","template":"","meta":{"footnotes":""},"class_list":["post-270","page","type-page","status-publish","hentry"],"_links":{"self":[{"href":"https:\/\/www.patientennetz.net\/index.php?rest_route=\/wp\/v2\/pages\/270","targetHints":{"allow":["GET"]}}],"collection":[{"href":"https:\/\/www.patientennetz.net\/index.php?rest_route=\/wp\/v2\/pages"}],"about":[{"href":"https:\/\/www.patientennetz.net\/index.php?rest_route=\/wp\/v2\/types\/page"}],"author":[{"embeddable":true,"href":"https:\/\/www.patientennetz.net\/index.php?rest_route=\/wp\/v2\/users\/3"}],"replies":[{"embeddable":true,"href":"https:\/\/www.patientennetz.net\/index.php?rest_route=%2Fwp%2Fv2%2Fcomments&post=270"}],"version-history":[{"count":15,"href":"https:\/\/www.patientennetz.net\/index.php?rest_route=\/wp\/v2\/pages\/270\/revisions"}],"predecessor-version":[{"id":1676,"href":"https:\/\/www.patientennetz.net\/index.php?rest_route=\/wp\/v2\/pages\/270\/revisions\/1676"}],"up":[{"embeddable":true,"href":"https:\/\/www.patientennetz.net\/index.php?rest_route=\/wp\/v2\/pages\/62"}],"wp:attachment":[{"href":"https:\/\/www.patientennetz.net\/index.php?rest_route=%2Fwp%2Fv2%2Fmedia&parent=270"}],"curies":[{"name":"wp","href":"https:\/\/api.w.org\/{rel}","templated":true}]}}