{"id":284,"date":"2009-07-07T11:03:40","date_gmt":"2009-07-07T09:03:40","guid":{"rendered":"http:\/\/www.patientennetz.net\/patientennetz_0509\/wordpress\/?page_id=284"},"modified":"2025-02-24T21:52:09","modified_gmt":"2025-02-24T20:52:09","slug":"forderer","status":"publish","type":"page","link":"https:\/\/www.patientennetz.net\/?page_id=284","title":{"rendered":"F\u00f6rderer"},"content":{"rendered":"<p>Der Parit\u00e4tische Wohlfahrtsverband in Nordrhein-Westfalen f\u00f6rdert die Koordinationsstelle sowie Veranstaltungen des PatientInnen-Netzwerks.<\/p>\n<p><a href=\"https:\/\/www.paritaet-nrw.org\/\" target=\"_blank\" rel=\"noopener\"><img loading=\"lazy\" decoding=\"async\" class=\"alignnone wp-image-2229 size-full\" src=\"http:\/\/www.patientennetz.net\/wp-content\/uploads\/logo-sites-h80.jpg\" alt=\"Logo der Parit\u00e4tische NRW\" width=\"293\" height=\"80\" \/><\/a><\/p>\n<p>&nbsp;<\/p>\n<p>&nbsp;<\/p>\n<p>Der Gesundheitsladen Bielefeld erm\u00f6glicht den Internetauftritt des PatientInnen-Netzwerks.<\/p>\n<p><a href=\"https:\/\/www.gesundheitsladen-bielefeld.de\/\" target=\"_blank\" rel=\"noopener\"><img loading=\"lazy\" decoding=\"async\" class=\"alignnone wp-image-2232 size-medium\" src=\"http:\/\/www.patientennetz.net\/wp-content\/uploads\/GL-logo-300x241.jpg\" alt=\"\" width=\"300\" height=\"241\" srcset=\"https:\/\/www.patientennetz.net\/wp-content\/uploads\/GL-logo-300x241.jpg 300w, https:\/\/www.patientennetz.net\/wp-content\/uploads\/GL-logo-1024x821.jpg 1024w\" sizes=\"auto, (max-width: 300px) 100vw, 300px\" \/><\/a><\/p>\n","protected":false},"excerpt":{"rendered":"<p>Der Parit\u00e4tische Wohlfahrtsverband in Nordrhein-Westfalen f\u00f6rdert die Koordinationsstelle sowie Veranstaltungen des PatientInnen-Netzwerks. &nbsp; &nbsp; Der Gesundheitsladen Bielefeld erm\u00f6glicht den Internetauftritt des PatientInnen-Netzwerks.<\/p>\n","protected":false},"author":3,"featured_media":0,"parent":0,"menu_order":7,"comment_status":"open","ping_status":"open","template":"","meta":{"footnotes":""},"class_list":["post-284","page","type-page","status-publish","hentry"],"_links":{"self":[{"href":"https:\/\/www.patientennetz.net\/index.php?rest_route=\/wp\/v2\/pages\/284","targetHints":{"allow":["GET"]}}],"collection":[{"href":"https:\/\/www.patientennetz.net\/index.php?rest_route=\/wp\/v2\/pages"}],"about":[{"href":"https:\/\/www.patientennetz.net\/index.php?rest_route=\/wp\/v2\/types\/page"}],"author":[{"embeddable":true,"href":"https:\/\/www.patientennetz.net\/index.php?rest_route=\/wp\/v2\/users\/3"}],"replies":[{"embeddable":true,"href":"https:\/\/www.patientennetz.net\/index.php?rest_route=%2Fwp%2Fv2%2Fcomments&post=284"}],"version-history":[{"count":7,"href":"https:\/\/www.patientennetz.net\/index.php?rest_route=\/wp\/v2\/pages\/284\/revisions"}],"predecessor-version":[{"id":2234,"href":"https:\/\/www.patientennetz.net\/index.php?rest_route=\/wp\/v2\/pages\/284\/revisions\/2234"}],"wp:attachment":[{"href":"https:\/\/www.patientennetz.net\/index.php?rest_route=%2Fwp%2Fv2%2Fmedia&parent=284"}],"curies":[{"name":"wp","href":"https:\/\/api.w.org\/{rel}","templated":true}]}}