{"id":360,"date":"2009-08-28T12:25:02","date_gmt":"2009-08-28T10:25:02","guid":{"rendered":"http:\/\/www.patientennetz.net\/patientennetz_0509\/wordpress\/?page_id=360"},"modified":"2025-02-24T22:33:56","modified_gmt":"2025-02-24T21:33:56","slug":"patientenbeteiligung-nrw","status":"publish","type":"page","link":"https:\/\/www.patientennetz.net\/?page_id=360","title":{"rendered":"Patientenbeteiligung"},"content":{"rendered":"<h3>Patientenbeteiligung in NRW<\/h3>\n<p>Auch in Nordrhein-Westfalen gibt es zahlreiche Institutionen in denen Vertreterinnen und Vertreter aus Patientenorganisationen die Interessen von Patientinnen und Patienten vertreten. Dazu geh\u00f6ren z.B.<\/p>\n<ul>\n<li>die <a href=\"http:\/\/www.patientennetz.net\/patientennetz_0509\/wordpress\/?page_id=706\" target=\"_blank\" rel=\"noopener\">Landesgesundheitskonferenz NRW<\/a><\/li>\n<li>die <a href=\"http:\/\/www.patientennetz.net\/patientennetz_0509\/wordpress\/?page_id=706\">Kommunalen Gesundheitskonferenzen<\/a><\/li>\n<li>Patientenbeir\u00e4te der Kassen\u00e4rztlichen Vereinigungen in Nordrhein und in Westfalen-Lippe<\/li>\n<li><a href=\"http:\/\/www.patientennetz.net\/patientennetz_0509\/wordpress\/?page_id=709\" target=\"_blank\" rel=\"noopener\">Zulassungs- und Berufungsaussch\u00fcsse nach \u00a7 140 f SGB V<\/a><\/li>\n<li>Ethik-Kommissionen bei den \u00c4rztekammern in Nordrhein und in Westfalen-Lippe<\/li>\n<li>u.a.m.<\/li>\n<\/ul>\n<p>Auf diesen Seiten informieren wir \u00fcber allgemeine Fragen der Patientenbeteiligung, <a href=\"http:\/\/www.patientennetz.net\/wp-content\/uploads\/2014-PNW-Qualit\u00e4tsmerkmale-guter-Patientenbeteiligung.pdf\">Qualit\u00e4tsmerkmale guter Patientenbeteiligung<\/a> aus Sicht des PatientInnen-Netzwerks NRW, <a href=\"http:\/\/patientennetz.net\/wp-content\/uploads\/2016\/02\/a-4-broschure_kriterien-pat-beteiligung.pdf\">Kriterien f\u00fcr eine qualifizierte Beteiligung<\/a>, die Beteiligungsm\u00f6glichkeiten in NRW und die dort verhandelten patientenrelevanten Themen.<\/p>\n<p>Eine spezielle Internetseite f\u00fcr Patientenbeteiligung in NRW ist erreichbar unter <a href=\"http:\/\/www.patientenbeteiligung.de\/nw\">www.patientenbeteiligung.de\/nw<br \/>\n<\/a>(erstellt von der Koordinierungs- und Vernetzungsstelle f\u00fcr Patientenbeteiligung in NRW, ein gemeinsames Projekt von PatientInnen-Netzwerk NRW und Koordinierungsausschuss Patientenbeteiligung \u00a7140f NRW)<\/p>\n<h3>Patientenbeteiligung nach \u00a7 140 f SGB V<\/h3>\n<p>Im Jahr 2004 trat mit dem GKV-Modernisierungsgesetz der \u00a7 140 f SGB V in Kraft, nach dem nicht nur im Gemeinsamen Bundesausschuss sondern auch in den entsprechenden Aussch\u00fcssen auf Landesebene bei bestimmten Entscheidungen die &#8222;auf Landesebene f\u00fcr die Wahrnehmung der Interessen der Patientinnen und Patienten und der Selbsthilfe chronisch kranker und behinderter Menschen ma\u00dfgeblichen Organisationen ein Mitberatungsrecht&#8220; (\u00a7 140 f Abs. 3 SGB V) haben.<\/p>\n<p>Der Gemein\u00adsame Bundes\u00adaus\u00adschuss (G-BA) ist das oberste Beschluss\u00adg\u00adre\u00admium der gemein\u00adsamen Selbst\u00adver\u00adwal\u00adtung der \u00c4rzte, Zahn\u00ad\u00e4rzte, Psycho\u00adthe\u00adra\u00adpeuten, Kran\u00adken\u00adh\u00e4user und Kran\u00adken\u00adkassen in Deut\u00adsch\u00adland.<\/p>\n<p>Die Mitwirkung in den Zulassungs- und Berufungsaussch\u00fcssen beschr\u00e4nkt sich dabei auf die ausnahmsweise Besetzung zus\u00e4tzlicher Vertragsarztsitze (z.B. Sonderbedarfsregelung) und die Erm\u00e4chtigung von \u00c4rzten und \u00e4rztlich geleiteten Einrichtungen (z.B. Erm\u00e4chtigung einer Klinik, an der ambulanten Versorgung teilzunehmen). Das normale Zulassungsgeschehen, wie etwa die Besetzung freier Vertragsarztsitze oder der Umzug einer Arztpraxis, entzieht sich der Mitwirkung der Patientenorganisationen.<\/p>\n<p>In NRW wird die Beteiligung nach \u00a7 140 f SGB V durch einen Koordinierungsausschuss organisiert und begleitet, an dem folgende Organisationen beteiligt sind:<\/p>\n<ul>\n<li><a href=\"http:\/\/www.selbsthilfenetz.de\/content\/e2994\/e6241\/e9785\/index_ger.html\">Gesundheitsselbsthilfe NRW &#8211; Wittener Kreis<\/a><\/li>\n<li><a href=\"http:\/\/www.koskon.de\/\">KOSKON NRW<\/a><\/li>\n<li><a href=\"http:\/\/lagsh-nrw.de\/\">Landesarbeitsgemeinschaft Selbsthilfe NRW (LAG SH NRW)<\/a><\/li>\n<li><a href=\"http:\/\/www.netzwerk-nrw.de\/\">Netzwerk Frauen und M\u00e4dchen mit Behinderungen<\/a><\/li>\n<li><a href=\"http:\/\/www.gesundheitsladen-koeln.de\/\">PatientInnenstellen in NRW<\/a><\/li>\n<li><a href=\"http:\/\/www.sovd-nrw.de\/\">Sozialverband Deutschland, Landesverband NRW (SoVD)<\/a><\/li>\n<li><a href=\"http:\/\/www.vdk.de\/nrw\/\">Sozialverband VdK, Landesverband NRW (VdK)<\/a><\/li>\n<li><a href=\"http:\/\/www.vz-nrw.de\/home\">Verbraucherzentralen NRW<\/a><\/li>\n<\/ul>\n<p>Der Koordinierungsausschuss hat den Auftrag, Vertreterinnen und Vertreter f\u00fcr die Aussch\u00fcsse gemeinschaftlich zu nominieren und alle Fragen zur Patientenbeteiligung auf Landesebene nach \u00a7 140 f SGB V zu beraten und geeignete Verabredungen zu treffen.<\/p>\n<h3>Weitere Informationen:<\/h3>\n<p>Der Gemeinsame Bundesausschuss hat anl\u00e4sslich des 10-j\u00e4hrigen Bestehens der Patientenbank eine Brosch\u00fcre herausgebracht: <a href=\"http:\/\/patientennetz.net\/wp-content\/uploads\/2016\/02\/broschure_10-jahre-patv-g-ba.pdf\">&#8222;Wir geben Patientinnen und Patienten eine Stimme&#8220;<\/a><\/p>\n","protected":false},"excerpt":{"rendered":"<p>Patientenbeteiligung in NRW Auch in Nordrhein-Westfalen gibt es zahlreiche Institutionen in denen Vertreterinnen und Vertreter aus Patientenorganisationen die Interessen von Patientinnen und Patienten vertreten. Dazu geh\u00f6ren z.B. die Landesgesundheitskonferenz NRW die Kommunalen Gesundheitskonferenzen Patientenbeir\u00e4te der Kassen\u00e4rztlichen Vereinigungen in Nordrhein und in Westfalen-Lippe Zulassungs- und Berufungsaussch\u00fcsse nach \u00a7 140 f SGB V Ethik-Kommissionen bei den \u00c4rztekammern [&hellip;]<\/p>\n","protected":false},"author":3,"featured_media":0,"parent":991,"menu_order":15,"comment_status":"open","ping_status":"open","template":"","meta":{"footnotes":""},"class_list":["post-360","page","type-page","status-publish","hentry"],"_links":{"self":[{"href":"https:\/\/www.patientennetz.net\/index.php?rest_route=\/wp\/v2\/pages\/360","targetHints":{"allow":["GET"]}}],"collection":[{"href":"https:\/\/www.patientennetz.net\/index.php?rest_route=\/wp\/v2\/pages"}],"about":[{"href":"https:\/\/www.patientennetz.net\/index.php?rest_route=\/wp\/v2\/types\/page"}],"author":[{"embeddable":true,"href":"https:\/\/www.patientennetz.net\/index.php?rest_route=\/wp\/v2\/users\/3"}],"replies":[{"embeddable":true,"href":"https:\/\/www.patientennetz.net\/index.php?rest_route=%2Fwp%2Fv2%2Fcomments&post=360"}],"version-history":[{"count":29,"href":"https:\/\/www.patientennetz.net\/index.php?rest_route=\/wp\/v2\/pages\/360\/revisions"}],"predecessor-version":[{"id":1920,"href":"https:\/\/www.patientennetz.net\/index.php?rest_route=\/wp\/v2\/pages\/360\/revisions\/1920"}],"up":[{"embeddable":true,"href":"https:\/\/www.patientennetz.net\/index.php?rest_route=\/wp\/v2\/pages\/991"}],"wp:attachment":[{"href":"https:\/\/www.patientennetz.net\/index.php?rest_route=%2Fwp%2Fv2%2Fmedia&parent=360"}],"curies":[{"name":"wp","href":"https:\/\/api.w.org\/{rel}","templated":true}]}}