{"id":380,"date":"2009-09-09T15:16:19","date_gmt":"2009-09-09T13:16:19","guid":{"rendered":"http:\/\/www.patientennetz.net\/patientennetz_0509\/wordpress\/?page_id=380"},"modified":"2025-02-24T22:32:22","modified_gmt":"2025-02-24T21:32:22","slug":"medikamente","status":"publish","type":"page","link":"https:\/\/www.patientennetz.net\/?page_id=380","title":{"rendered":"Medikamente"},"content":{"rendered":"<h3>Medikamente<\/h3>\n<p>Medikamente k\u00f6nnen Leben retten und Leiden lindern. Doch die Arzneimitteltherapie birgt auch Risiken. Nach internationalen Studien sterben in den Industriel\u00e4ndern mehr Menschen an Fehlern bei der Medikamentengabe oder an den Nebenwirkungen von Medikamenten als im Stra\u00dfenverkehr.<\/p>\n<p>Zu diesen Risiken tragen bei: Verwechslungen, Neben- und Wechselwirkungen von Arzneimitteln, Einnahmefehler oder F\u00e4lschungen. \u00c4rzte und Apotheker m\u00fcssen daf\u00fcr sorgen, dass die richtigen Medikamente in der richtigen Dosierung verschrieben werden und die Einnahme anderer Medikamente ber\u00fccksichtigt wird. Patientinnen und Patienten k\u00f6nnen aber selbst zur Sicherheit ihrer Arzneimitteltherapie beitragen. Im folgenden finden Sie einige Informationen zur sicheren Arzneimitteltherapie.<\/p>\n<h3>Sichere Arzneimitteltherapie<\/h3>\n<p><strong>Rabattvertr\u00e4ge<\/strong>: In der Apotheke werden Patienten h\u00e4ufig damit konfrontiert, dass ein auf dem Rezept verordnetes Medikament gegen ein wirkstoffgleiches, vergleichbares Produkt eines anderen Herstellers ausgetauscht werden soll. Als Grund werden Arzneimittel-Rabattvertr\u00e4ge angegeben.<\/p>\n<p><strong>F\u00e4lschungen<\/strong>: Immer wieder berichten Medien \u00fcber Arzneimittelf\u00e4lschungen. Obwohl solche F\u00e4lschungen in Deutschland nur selten vorkommen, verunsichern diese Meldungen Patientinnen und Patienten.<\/p>\n<p><strong>Tipps f\u00fcr eine sichere Arzneimitteltherapie: <\/strong>Ein Merkblatt soll Patientinnen und Patienten dabei unterst\u00fctzen, Fehler bei der Einnahme von Medikamenten zu vermeiden. Das Merkblatt mit acht wichtigen Regeln wurde von verschiedenen Organisationen entwickelt. Sie k\u00f6nnen es hier herunterladen: <a href=\"https:\/\/www.akdae.de\/AMTS\/\">Tipps f\u00fcr eine sichere Arzneimitteltherapie<\/a><\/p>\n<p><strong>Die h\u00e4ufigsten Fragen zur Einnahme von Medikamenten<\/strong>: Der Erfolg jeder Arzneimitteltherapie h\u00e4ngt wesentlich von der Mitwirkung der Patientinnen und Patienten ab. Aus diesem Grund hat die <a href=\"http:\/\/www.stadt-koeln.de\/3\/gesundheit\/01897\/\" target=\"_blank\" rel=\"noopener\">Kommunale Gesundheitskonferenz K\u00f6ln<\/a> &#8211; in der Selbsthilfe- und Patientenorganisationen mitwirken &#8211; ein <a href=\"http:\/\/www.apothekerverband-koeln.de\/downloads\/flyermedikamente200909download.pdf\" target=\"_blank\" rel=\"noopener\">Faltblatt<\/a> [142 KB] mit den wichtigsten und am h\u00e4ufigsten gestellten Fragen, die im Zusammenhang mit der Einnahme von Medikamenten auftreten, herausgegeben. Die Beantwortung dieser Fragen kann Ihnen helfen, selbst\u00e4ndig und eigenverantwortlich mit Ihren Medikamenten umzugehen.<\/p>\n<p><strong>Medikamente und Nahrungsmittel<\/strong>: Zu einer sicheren Arzneimitteltherapie m\u00fcssen in einigen F\u00e4llen auch Wechselwirkungen zwischen Nahrungsmitteln und Medikamenten beachtetet werden.<\/p>\n<h3><strong>Wirksamkeit und Risiken von Arzneimitteln<br \/>\n<\/strong><\/h3>\n<p>Informationen zur Wirksamkeit und zu den Risiken von Arzneimitteln finden Sie auf der Interentseite <a href=\"http:\/\/www.gutepillen-schlechtepillen.de\" target=\"_blank\" rel=\"noopener\">www.gutepillen-schlechtepillen.de<\/a>, die von unabh\u00e4ngingen Expertinnen und Experten betrieben wird.<\/p>\n<h3>Hier finden sie weiterf\u00fchrende Beratung und Informationen:<\/h3>\n<p><strong>Wann immer Sie jedoch Zweifel, Unklarheiten oder noch weitere offene Fragen haben, holen Sie sich bitte fachkundigen Rat ein. Fragen sie zun\u00e4chst Ihren Arzt oder Apotheker.<br \/>\n<\/strong><\/p>\n<ul>\n<li><strong>Arzneimittelberatung durch Krankenkassen<\/strong>: Einige Krankenkassen bieten eine Arzneimittelberatung an.<\/li>\n<li><strong>Medikamenten-Datenbank der Stiftung Warentest: <\/strong>Diese kostenpflichtige Datenbank finden Sie im Internet auf den Seiten der Stiftung Warentest. Einige Krankenkassen bieten eine kostenlose Nutzung dieser Datenbank an. Die Informationen der Datenbank werden auch in Buchform ver\u00f6ffentlicht und k\u00f6nnen in den meisten Stadtbibliotheken ausgeliehen werden.<\/li>\n<li><strong>Beipackzettel verloren oder Schrift zu klein? <\/strong>Der <a href=\"http:\/\/www.dbsv.org\/\" target=\"_blank\" rel=\"noopener\">Deutsche Blinden- und Sehbehindertenverband<\/a> (DBSV) hat ein barrierefreies Internetangebot zu Arzneimittelinformationen erstellt. Die <a href=\"http:\/\/www.patienteninfo-service.de\/\" target=\"_blank\" rel=\"noopener\">PatientenInfo-Service Website<\/a> erm\u00f6glicht Patienten \u2013 ganz gleich ob blind oder sehend \u2013 einen barrierefreien Zugriff auf die Packungsbeilagen von Medikamenten.<\/li>\n<li><strong>Patienteninformation zum Thema Arzneimittel<\/strong>: In dieser <a href=\"http:\/\/www.kvno.de\/downloads\/patienten\/Patienteninfo_Arzneimittel_15032013.pdf\">Patienteninformation der KVNo<\/a> finden Sie Erkl\u00e4rungen zu Begriffen, die im Zusammenhang mit Arzneimittelverordnungen wichtig sind.<\/li>\n<\/ul>\n","protected":false},"excerpt":{"rendered":"<p>Medikamente Medikamente k\u00f6nnen Leben retten und Leiden lindern. Doch die Arzneimitteltherapie birgt auch Risiken. Nach internationalen Studien sterben in den Industriel\u00e4ndern mehr Menschen an Fehlern bei der Medikamentengabe oder an den Nebenwirkungen von Medikamenten als im Stra\u00dfenverkehr. Zu diesen Risiken tragen bei: Verwechslungen, Neben- und Wechselwirkungen von Arzneimitteln, Einnahmefehler oder F\u00e4lschungen. \u00c4rzte und Apotheker m\u00fcssen [&hellip;]<\/p>\n","protected":false},"author":3,"featured_media":0,"parent":991,"menu_order":11,"comment_status":"open","ping_status":"open","template":"","meta":{"footnotes":""},"class_list":["post-380","page","type-page","status-publish","hentry"],"_links":{"self":[{"href":"https:\/\/www.patientennetz.net\/index.php?rest_route=\/wp\/v2\/pages\/380","targetHints":{"allow":["GET"]}}],"collection":[{"href":"https:\/\/www.patientennetz.net\/index.php?rest_route=\/wp\/v2\/pages"}],"about":[{"href":"https:\/\/www.patientennetz.net\/index.php?rest_route=\/wp\/v2\/types\/page"}],"author":[{"embeddable":true,"href":"https:\/\/www.patientennetz.net\/index.php?rest_route=\/wp\/v2\/users\/3"}],"replies":[{"embeddable":true,"href":"https:\/\/www.patientennetz.net\/index.php?rest_route=%2Fwp%2Fv2%2Fcomments&post=380"}],"version-history":[{"count":6,"href":"https:\/\/www.patientennetz.net\/index.php?rest_route=\/wp\/v2\/pages\/380\/revisions"}],"predecessor-version":[{"id":1962,"href":"https:\/\/www.patientennetz.net\/index.php?rest_route=\/wp\/v2\/pages\/380\/revisions\/1962"}],"up":[{"embeddable":true,"href":"https:\/\/www.patientennetz.net\/index.php?rest_route=\/wp\/v2\/pages\/991"}],"wp:attachment":[{"href":"https:\/\/www.patientennetz.net\/index.php?rest_route=%2Fwp%2Fv2%2Fmedia&parent=380"}],"curies":[{"name":"wp","href":"https:\/\/api.w.org\/{rel}","templated":true}]}}