{"id":62,"date":"2009-05-26T11:02:26","date_gmt":"2009-05-26T09:02:26","guid":{"rendered":"http:\/\/www.patientennetz.net\/patientennetz_0509\/wordpress\/?page_id=62"},"modified":"2020-07-15T11:29:09","modified_gmt":"2020-07-15T09:29:09","slug":"fur-patientinnen","status":"publish","type":"page","link":"https:\/\/www.patientennetz.net\/?page_id=62","title":{"rendered":"Archiv"},"content":{"rendered":"<h3><strong>e-Infos<\/strong><\/h3>\n<p>Seit 2012 verschicken wir aktuelle Informationen aus dem Gesundheitsbereich als &#8222;e-Info&#8220; per Mail. Es geht dabei in der Regel um Themen und Diskussionen, die aus Patientenperspektive relevant sind, wie z.B. Patientenbeteiligung, Gesetzgebung, Gesundheit&amp;Armut, neue Entwicklungen o.\u00e4.<\/p>\n<p>Wenn Sie Interesse an diesen eInfos haben, k\u00f6nnen Sie sich gerne in unseren Verteiler eintragen lassen. Schicken Sie uns bitte eine Mail an gakstatter(at)paritaet-nrw.org<\/p>\n<p>[<a href=\"http:\/\/www.patientennetz.net\/?page_id=1301\">mehr<\/a>]<\/p>\n<h3><strong>Patientenbrief NRW<\/strong><\/h3>\n<p>Von 2008 bis 2011 ver\u00f6ffentlichten wir in unregelm\u00e4\u00dfigen Abst\u00e4nden den Patientenbrief NRW mit Informationen f\u00fcr Patientinnen und Patienten zu jeweils einem Thema. Hier finden Sie das Archiv und weitere Informationen zum Patientenbrief. [ <a href=\"http:\/\/www.patientennetz.net\/patientennetz_0509\/wordpress\/?page_id=270\">mehr<\/a> ]<\/p>\n<h3><strong>Tagungsdokumentationen<\/strong><\/h3>\n<p>Hier finden Sie die bislang erschienenen Dokumentationen der Tagungen, Fachgespr\u00e4che und Termine des PatientInnen-Netzwerk NRW. [ <a href=\"http:\/\/www.patientennetz.net\/patientennetz_0509\/wordpress\/?page_id=254\">mehr<\/a> ]<\/p>\n<h3><strong>Positionspapiere<\/strong><\/h3>\n<p>In dieser Rubrik finden Sie Positionierungen zu verschiedenen Themen, die das PatientInnen-Netzwerk NRW in den letzten Jahren ver\u00f6ffentlicht hat. [ <a href=\"http:\/\/www.patientennetz.net\/?page_id=1936\">mehr<\/a> ]<\/p>\n<p>&nbsp;<\/p>\n<p>&nbsp;<\/p>\n<p>&nbsp;<\/p>\n<p>&nbsp;<\/p>\n","protected":false},"excerpt":{"rendered":"<p>e-Infos Seit 2012 verschicken wir aktuelle Informationen aus dem Gesundheitsbereich als &#8222;e-Info&#8220; per Mail. Es geht dabei in der Regel um Themen und Diskussionen, die aus Patientenperspektive relevant sind, wie z.B. Patientenbeteiligung, Gesetzgebung, Gesundheit&amp;Armut, neue Entwicklungen o.\u00e4. Wenn Sie Interesse an diesen eInfos haben, k\u00f6nnen Sie sich gerne in unseren Verteiler eintragen lassen. Schicken Sie [&hellip;]<\/p>\n","protected":false},"author":3,"featured_media":0,"parent":0,"menu_order":5,"comment_status":"open","ping_status":"open","template":"","meta":{"footnotes":""},"class_list":["post-62","page","type-page","status-publish","hentry"],"_links":{"self":[{"href":"https:\/\/www.patientennetz.net\/index.php?rest_route=\/wp\/v2\/pages\/62","targetHints":{"allow":["GET"]}}],"collection":[{"href":"https:\/\/www.patientennetz.net\/index.php?rest_route=\/wp\/v2\/pages"}],"about":[{"href":"https:\/\/www.patientennetz.net\/index.php?rest_route=\/wp\/v2\/types\/page"}],"author":[{"embeddable":true,"href":"https:\/\/www.patientennetz.net\/index.php?rest_route=\/wp\/v2\/users\/3"}],"replies":[{"embeddable":true,"href":"https:\/\/www.patientennetz.net\/index.php?rest_route=%2Fwp%2Fv2%2Fcomments&post=62"}],"version-history":[{"count":12,"href":"https:\/\/www.patientennetz.net\/index.php?rest_route=\/wp\/v2\/pages\/62\/revisions"}],"predecessor-version":[{"id":1939,"href":"https:\/\/www.patientennetz.net\/index.php?rest_route=\/wp\/v2\/pages\/62\/revisions\/1939"}],"wp:attachment":[{"href":"https:\/\/www.patientennetz.net\/index.php?rest_route=%2Fwp%2Fv2%2Fmedia&parent=62"}],"curies":[{"name":"wp","href":"https:\/\/api.w.org\/{rel}","templated":true}]}}