{"id":68,"date":"2009-05-26T11:03:44","date_gmt":"2009-05-26T09:03:44","guid":{"rendered":"http:\/\/www.patientennetz.net\/patientennetz_0509\/wordpress\/?page_id=68"},"modified":"2025-08-01T13:15:07","modified_gmt":"2025-08-01T11:15:07","slug":"impressum","status":"publish","type":"page","link":"https:\/\/www.patientennetz.net\/?page_id=68","title":{"rendered":"Impressum"},"content":{"rendered":"<h3>Impressum<\/h3>\n<p><!-- [if gte mso 9]><xml> <w:WordDocument> <w:View>Normal<\/w:View> <w:Zoom>0<\/w:Zoom> <w:HyphenationZone>21<\/w:HyphenationZone> <w:PunctuationKerning \/> <w:ValidateAgainstSchemas \/> <w:SaveIfXMLInvalid>false<\/w:SaveIfXMLInvalid> <w:IgnoreMixedContent>false<\/w:IgnoreMixedContent> <w:AlwaysShowPlaceholderText>false<\/w:AlwaysShowPlaceholderText> <w:Compatibility> <w:BreakWrappedTables \/> <w:SnapToGridInCell \/> <w:WrapTextWithPunct \/> <w:UseAsianBreakRules \/> <w:DontGrowAutofit \/> <\/w:Compatibility> <w:BrowserLevel>MicrosoftInternetExplorer4<\/w:BrowserLevel> <\/w:WordDocument> <\/xml><![endif]--><!-- [if gte mso 9]><xml> <w:LatentStyles DefLockedState=\"false\" LatentStyleCount=\"156\"> <\/w:LatentStyles> <\/xml><![endif]--><!-- [if gte mso 10]> <mce:style><! \/* Style Definitions *\/ table.MsoNormalTable {mso-style-name:\"Normale Tabelle\"; mso-tstyle-rowband-size:0; mso-tstyle-colband-size:0; mso-style-noshow:yes; mso-style-parent:\"\"; mso-padding-alt:0cm 5.4pt 0cm 5.4pt; mso-para-margin:0cm; mso-para-margin-bottom:.0001pt; mso-pagination:widow-orphan; font-size:10.0pt; font-family:\"Times New Roman\"; mso-ansi-language:#0400; mso-fareast-language:#0400; mso-bidi-language:#0400;} --> <!--[endif]--><\/p>\n<p>Angaben gem\u00e4\u00df \u00a7 5 TMG:<\/p>\n<p>PatientInnen-Netzwerk Nordrhein-Westfalen<\/p>\n<p><strong>Kontakt:<\/strong><\/p>\n<div><span data-olk-copy-source=\"MessageBody\">Der Parit\u00e4tische NRW<br \/>\nLoher Str. 7, 42283 Wuppertal<\/span><\/div>\n<div><\/div>\n<div><\/div>\n<div>Ansprechperson:<\/div>\n<div>Anke Steuer<\/div>\n<div><\/div>\n<div><\/div>\n<div><span data-olk-copy-source=\"MessageBody\">Telefon: 0202 28 22 525<\/span><\/div>\n<div>Mobil: 01525 73 59 840<\/div>\n<div>E-Mail: steuer(at)paritaet-nrw.org<\/div>\n<p>&nbsp;<\/p>\n<p><strong>Verantwortlich f\u00fcr den Inhalt nach \u00a7 55 Abs. 2 RStV:<\/strong><\/p>\n<p>Anke Steuer<\/p>\n<p><strong>\u00a0<\/strong><\/p>\n<h3>Haftungsausschluss und Disclaimer<\/h3>\n<p><strong>Redaktionelle Inhalte<\/strong><\/p>\n<p>Wir \u00fcbernehmen keinerlei Gew\u00e4hr f\u00fcr die Aktualit\u00e4t, Korrektheit, Vollst\u00e4ndigkeit oder Qualit\u00e4t der bereitgestellten Informationen. Haftungsanspr\u00fcche gegen uns, die sich auf Sch\u00e4den materieller oder ideeller Art beziehen, welche durch die Nutzung oder Nichtnutzung der dargebotenen Informationen, Programmen etc. bzw. durch die Nutzung fehlerhafter und unvollst\u00e4ndiger Informationen verursacht wurden sind grunds\u00e4tzlich ausgeschlossen.<\/p>\n<p>Wir behalten es uns ausdr\u00fccklich vor, Teile der Seiten oder das gesamte Angebot ohne gesonderte Ank\u00fcndigung zu ver\u00e4ndern, zu erg\u00e4nzen, zu l\u00f6schen oder die Ver\u00f6ffentlichung zeitweise oder endg\u00fcltig einzustellen.<\/p>\n<p>Aus der Ver\u00f6ffentlichung kann nicht entnommen werden, dass die verwendeten Bezeichnungen frei von Rechten Dritter sind!<\/p>\n<p>F\u00fcr den Fall, dass auf unseren Seiten unzutreffende Informationen und\/oder Fehler enthalten sowie Rechte Dritter verletzt sein sollten, kommt eine Haftung nur bei nachgewiesenem grob fahrl\u00e4ssigen Verhalten in Betracht.<\/p>\n<p><strong>Verlinkungen<\/strong><\/p>\n<p>Unsere Webseiten enthalten Links zu anderen Internetseiten. F\u00fcr den Inhalt der &#8222;gelinkten&#8220; Seiten sind wir nicht verantwortlich! Wir erkl\u00e4ren ausdr\u00fccklich, dass wir keinerlei Einfluss auf die Gestaltung und die Inhalte der gelinkten Seiten haben. Unter Umst\u00e4nden k\u00f6nnen Sie auf Internetseiten kommen oder \u00fcber weiterf\u00fchrende Links zu Internetseiten kommen, die urheberrechtlich gesch\u00fctztes Material, verfassungs- bzw. gesetzeswidrige Texte, Grafiken etc. enthalten.<\/p>\n<p>Deshalb distanzieren wir uns hiermit ausdr\u00fccklich von allen Inhalten aller gelinkten Seiten auf unserer Homepage und machen uns deren Inhalte nicht zu Eigen. Dies gilt insbesondere f\u00fcr Links, die von Dritten gesetzt wurden, wie z.B. im G\u00e4stebuch oder im Online-Forum. Diese Erkl\u00e4rung gilt f\u00fcr alle auf den Seiten des Parit\u00e4tischen angezeigten Links und f\u00fcr alle Inhalte der Seiten, zu denen die bei uns sichtbaren Banner, Buttons und Links f\u00fchren.<\/p>\n<p><strong>Urheber- und Kennzeichenrecht<\/strong><\/p>\n<p>Der Betreiber dieses Internetauftritts ist bestrebt, in allen Publikationen die Urheberrechte der verwendeten Grafiken, Fotos, Tondokumente, Videosequenzen und Texte zu beachten, von ihr selbst erstellte Grafiken, Fotos, Tondokumente, Videosequenzen und Texte zu nutzen oder auf lizenzfreie Grafiken, Fotos, Tondokumente, Videosequenzen und Texte zur\u00fcckzugreifen.<\/p>\n<p>Alle innerhalb unseres mit diesem Impressum gekennzeichneten Internetangebotes genannten und ggf. durch Dritte gesch\u00fctzten Marken- und Warenzeichen unterliegen uneingeschr\u00e4nkt den Bestimmungen des jeweils g\u00fcltigen Kennzeichenrechts und den Besitzrechten der jeweiligen eingetragenen Eigent\u00fcmer. Allein aufgrund der blo\u00dfen Nennung ist nicht der Schluss zu ziehen, dass Markenzeichen nicht durch Rechte Dritter gesch\u00fctzt sind!<\/p>\n<p>Das Copyright f\u00fcr das Online-Angebot, das mit dem oben genannten Impressum gekennzeichnet ist, bleibt allein bei diesem. Eine Vervielf\u00e4ltigung oder Verwendung der auf diesen Seiten verwendeten Grafiken, Fotos, Tondokumente, Videosequenzen und Texte in anderen elektronischen oder gedruckten Publikationen ist ohne ausdr\u00fcckliche Zustimmung nicht gestattet.<\/p>\n<p>Unber\u00fchrt davon bleibt das &#8222;Kopieren&#8220; der Dateien auf den eigenen Rechner, um sich die WWW-Seiten auf einem Browser anzuschauen.<\/p>\n<p>Ausgenommen sind ebenfalls die Pressemeldungen die zum Zwecke der Verbreitung publiziert werden. Sie sind dem Inhalt nach von jedermann frei und ohne besondere Genehmigung weiterverwendbar.<\/p>\n<p>&nbsp;<\/p>\n","protected":false},"excerpt":{"rendered":"<p>Impressum Angaben gem\u00e4\u00df \u00a7 5 TMG: PatientInnen-Netzwerk Nordrhein-Westfalen Kontakt: Der Parit\u00e4tische NRW Loher Str. 7, 42283 Wuppertal Ansprechperson: Anke Steuer Telefon: 0202 28 22 525 Mobil: 01525 73 59 840 E-Mail: steuer(at)paritaet-nrw.org &nbsp; Verantwortlich f\u00fcr den Inhalt nach \u00a7 55 Abs. 2 RStV: Anke Steuer \u00a0 Haftungsausschluss und Disclaimer Redaktionelle Inhalte Wir \u00fcbernehmen keinerlei Gew\u00e4hr [&hellip;]<\/p>\n","protected":false},"author":3,"featured_media":0,"parent":0,"menu_order":8,"comment_status":"open","ping_status":"open","template":"","meta":{"footnotes":""},"class_list":["post-68","page","type-page","status-publish","hentry"],"_links":{"self":[{"href":"https:\/\/www.patientennetz.net\/index.php?rest_route=\/wp\/v2\/pages\/68","targetHints":{"allow":["GET"]}}],"collection":[{"href":"https:\/\/www.patientennetz.net\/index.php?rest_route=\/wp\/v2\/pages"}],"about":[{"href":"https:\/\/www.patientennetz.net\/index.php?rest_route=\/wp\/v2\/types\/page"}],"author":[{"embeddable":true,"href":"https:\/\/www.patientennetz.net\/index.php?rest_route=\/wp\/v2\/users\/3"}],"replies":[{"embeddable":true,"href":"https:\/\/www.patientennetz.net\/index.php?rest_route=%2Fwp%2Fv2%2Fcomments&post=68"}],"version-history":[{"count":10,"href":"https:\/\/www.patientennetz.net\/index.php?rest_route=\/wp\/v2\/pages\/68\/revisions"}],"predecessor-version":[{"id":2441,"href":"https:\/\/www.patientennetz.net\/index.php?rest_route=\/wp\/v2\/pages\/68\/revisions\/2441"}],"wp:attachment":[{"href":"https:\/\/www.patientennetz.net\/index.php?rest_route=%2Fwp%2Fv2%2Fmedia&parent=68"}],"curies":[{"name":"wp","href":"https:\/\/api.w.org\/{rel}","templated":true}]}}