{"id":697,"date":"2012-06-28T09:35:29","date_gmt":"2012-06-28T07:35:29","guid":{"rendered":"http:\/\/www.patientennetz.net\/patientennetz_0509\/wordpress\/?page_id=697"},"modified":"2025-02-24T22:32:42","modified_gmt":"2025-02-24T21:32:42","slug":"medizinprodukte","status":"publish","type":"page","link":"https:\/\/www.patientennetz.net\/?page_id=697","title":{"rendered":"Medizinprodukte"},"content":{"rendered":"<h3>Medizinprodukte<\/h3>\n<h4>Was sind Medizinprodukte?<\/h4>\n<p>Medizinprodukte sind Gegenst\u00e4nde oder Materialien, die zu medizinisch therapeutischen oder diagnostischen Zwecken bei\u00a0 Menschen eingesetzt werden. Die Wirkung von Medizinprodukten ist dabei nicht in erster Linie pharmakologisch, metabolisch oder immunologisch &#8211; wie bei Arzneimitteln, sondern physikalisch oder physikochemisch. Diese Abgrenzung ist bedeutsam, da sich der Weg und die Regelungen zur Zulassung von Medizinprodukten von der Zulassung von Medikamenten unterscheiden.<\/p>\n<p>Zu den Medizinprodukten geh\u00f6ren beispielsweise Herzschrittmacher, H\u00fcftgelenkprothesen, Brillen, Verbandsstoffe, Defibrillatoren, Beatmungsger\u00e4te oder Brustimplantate.<\/p>\n<h4>Risikoklassen von Medizinprodukten<\/h4>\n<p>Nach EU-Recht werden Medizinprodukte in Risikoklassen eingeordnet. Weitere Informationen dazu finden Sie <a href=\"http:\/\/www.bfarm.de\/DE\/Medizinprodukte\/Abgrenzung\/_node.html\" target=\"_blank\" rel=\"noopener\">hier<\/a><\/p>\n<h4>Beispiele f\u00fcr schadhafte Medizinprodukte<\/h4>\n<p>Aktuelle Informationen zu Medizinprodukten und schadhaften Medizinprodukten &#8211; wie etwa Brustimplantaten &#8211; finden Sie auf den <a href=\"http:\/\/www.bfarm.de\/DE\/Medizinprodukte\/_node.html\" target=\"_blank\" rel=\"noopener\">Internetseiten des Bundesinstituts f\u00fcr Arzneimittel und Medizinprodukte<\/a>.<\/p>\n","protected":false},"excerpt":{"rendered":"<p>Medizinprodukte Was sind Medizinprodukte? Medizinprodukte sind Gegenst\u00e4nde oder Materialien, die zu medizinisch therapeutischen oder diagnostischen Zwecken bei\u00a0 Menschen eingesetzt werden. Die Wirkung von Medizinprodukten ist dabei nicht in erster Linie pharmakologisch, metabolisch oder immunologisch &#8211; wie bei Arzneimitteln, sondern physikalisch oder physikochemisch. Diese Abgrenzung ist bedeutsam, da sich der Weg und die Regelungen zur Zulassung [&hellip;]<\/p>\n","protected":false},"author":3,"featured_media":0,"parent":991,"menu_order":12,"comment_status":"closed","ping_status":"open","template":"","meta":{"footnotes":""},"class_list":["post-697","page","type-page","status-publish","hentry"],"_links":{"self":[{"href":"https:\/\/www.patientennetz.net\/index.php?rest_route=\/wp\/v2\/pages\/697","targetHints":{"allow":["GET"]}}],"collection":[{"href":"https:\/\/www.patientennetz.net\/index.php?rest_route=\/wp\/v2\/pages"}],"about":[{"href":"https:\/\/www.patientennetz.net\/index.php?rest_route=\/wp\/v2\/types\/page"}],"author":[{"embeddable":true,"href":"https:\/\/www.patientennetz.net\/index.php?rest_route=\/wp\/v2\/users\/3"}],"replies":[{"embeddable":true,"href":"https:\/\/www.patientennetz.net\/index.php?rest_route=%2Fwp%2Fv2%2Fcomments&post=697"}],"version-history":[{"count":7,"href":"https:\/\/www.patientennetz.net\/index.php?rest_route=\/wp\/v2\/pages\/697\/revisions"}],"predecessor-version":[{"id":1963,"href":"https:\/\/www.patientennetz.net\/index.php?rest_route=\/wp\/v2\/pages\/697\/revisions\/1963"}],"up":[{"embeddable":true,"href":"https:\/\/www.patientennetz.net\/index.php?rest_route=\/wp\/v2\/pages\/991"}],"wp:attachment":[{"href":"https:\/\/www.patientennetz.net\/index.php?rest_route=%2Fwp%2Fv2%2Fmedia&parent=697"}],"curies":[{"name":"wp","href":"https:\/\/api.w.org\/{rel}","templated":true}]}}