{"id":709,"date":"2012-01-26T15:38:50","date_gmt":"2012-01-26T13:38:50","guid":{"rendered":"http:\/\/www.patientennetz.net\/patientennetz_0509\/wordpress\/?page_id=709"},"modified":"2025-02-24T22:34:19","modified_gmt":"2025-02-24T21:34:19","slug":"%c2%a7-140-f-beteiligung","status":"publish","type":"page","link":"https:\/\/www.patientennetz.net\/?page_id=709","title":{"rendered":"Patientenbeteiligung SGB V"},"content":{"rendered":"<h3>Patientenbeteiligung nach \u00a7 140 f SGB V<\/h3>\n<p>Im Jahr 2004 trat mit dem GKV-Modernisierungsgesetz der \u00a7 140 f SGB V in Kraft, nach dem nicht nur im Gemeinsamen Bundesausschuss sondern auch in den entsprechenden Aussch\u00fcssen auf Landesebene bei bestimmten Entscheidungen die &#8222;auf Landesebene f\u00fcr die Wahrnehmung der Interessen der Patientinnen und Patienten und der Selbsthilfe chronisch kranker und behinderter Menschen ma\u00dfgeblichen Organisationen ein Mitberatungsrecht&#8220; (\u00a7 140 f Abs. 3 SGV V) haben.<\/p>\n<p>Die Mitwirkung in den Zulassungs- und Berufungsaussch\u00fcssen beschr\u00e4nkt sich dabei auf die ausnahmsweise Besetzung zus\u00e4tzlicher Vertragsarztsitze (z.B. Sonderbedarfsregelung) und die Erm\u00e4chtigung von \u00c4rzten und \u00e4rztlich geleiteten Einrichtungen (z.B. Erm\u00e4chtigung einer Klinik, an der ambulanten Versorgung teilzunehmen). Das normale Zulassungsgeschehen, wie etwa die Besetzung freier Vertragsarztsitze oder der Umzug einer Arztpraxis, entzieht sich der Mitwirkung der Patientenorganisationen.<\/p>\n<p>In NRW wird die Beteiligung nach \u00a7 140 f SGB V durch ein Koordinierungsausschuss organisiert und begleitet, an dem folgende Organisationen beteiligt sind:<\/p>\n<ul>\n<li><a href=\"https:\/\/www.selbsthilfenetz.de\/selbsthilfe-in-nrw\/selbsthilfe-organisationen-und-gesundheitsselbsthilfe-nrw\">Gesundheitsselbsthilfe NRW &#8211; Wittener Kreis<\/a><\/li>\n<li><a href=\"http:\/\/www.koskon.de\/\">KOSKON NRW<\/a><\/li>\n<li><a href=\"http:\/\/lagsh-nrw.de\/\">Landesarbeitsgemeinschaft Selbsthilfe NRW (LAG SH NRW)<\/a><\/li>\n<li><a href=\"http:\/\/www.netzwerk-nrw.de\/\">Netzwerk Frauen und M\u00e4dchen mit Behinderungen<\/a><\/li>\n<li><a href=\"http:\/\/www.gesundheitsladen-koeln.de\/\">PatientInnenstellen in NRW<\/a><\/li>\n<li><a href=\"http:\/\/www.sovd-nrw.de\/\">Sozialverband Deutschland, Landesverband NRW (SoVD)<\/a><\/li>\n<li><a href=\"http:\/\/www.vdk.de\/nrw\/\">Sozialverband VdK, Landesverband NRW (VdK)<\/a><\/li>\n<li><a href=\"http:\/\/www.vz-nrw.de\/home\">Verbraucherzentralen NRW<\/a><\/li>\n<\/ul>\n<p>Der Koordinierungsausschuss hat den Auftrag, Vertreterinnen und Vertreter f\u00fcr die Aussch\u00fcsse gemeinschaftlich zu nominieren und alle Fragen zur Patientenbeteiligung auf Landesebene nach \u00a7 140 f SGB V zu beraten und geeigente Verabredungen zu treffen.<\/p>\n<p>Weitere Informationen:<br \/>\n<a href=\"..\/wp-content\/uploads\/2009\/08\/patientenbeteiligung-140f-abs3-sgb-v.pdf\" target=\"_blank\" rel=\"noopener\">Wortlaut der gesetzlichen Regelungen auf Landesebene (\u00a7 140 f Abs. 3 SGB V)<\/a><\/p>\n<p><a href=\"http:\/\/www.careum-congress.ch\/downloads\/presentations\/thu\/WSB_Trojan_Forster.pdf\" target=\"_blank\" rel=\"noopener\">Vortrag von Prof . Dr. Alf Trojan auf dem Careum Congress 2011 zu &#8222;Empowerment durch Organisation &#8211; Patientenverb\u00e4nde in Deutschland&#8220;<\/a>. Darin auch Studienergebnisse zu der Frage, wie Patientenvertreter die Beteiligungsm\u00f6glichkeiten in Deutschland einsch\u00e4tzen.<\/p>\n<p><a href=\"http:\/\/www.careum-congress.ch\/downloads\/presentations\/thu\/WSB_Trojan_Forster.pdf\" target=\"_blank\" rel=\"noopener\">Vortrag von Prof. Dr. Rudolf Forster auf dem Careum Congress 2011 zu &#8222;Patientenorganisationen als Machtfaktor?&#8220;<\/a>.<\/p>\n","protected":false},"excerpt":{"rendered":"<p>Patientenbeteiligung nach \u00a7 140 f SGB V Im Jahr 2004 trat mit dem GKV-Modernisierungsgesetz der \u00a7 140 f SGB V in Kraft, nach dem nicht nur im Gemeinsamen Bundesausschuss sondern auch in den entsprechenden Aussch\u00fcssen auf Landesebene bei bestimmten Entscheidungen die &#8222;auf Landesebene f\u00fcr die Wahrnehmung der Interessen der Patientinnen und Patienten und der Selbsthilfe [&hellip;]<\/p>\n","protected":false},"author":3,"featured_media":0,"parent":991,"menu_order":16,"comment_status":"closed","ping_status":"closed","template":"","meta":{"footnotes":""},"class_list":["post-709","page","type-page","status-publish","hentry"],"_links":{"self":[{"href":"https:\/\/www.patientennetz.net\/index.php?rest_route=\/wp\/v2\/pages\/709","targetHints":{"allow":["GET"]}}],"collection":[{"href":"https:\/\/www.patientennetz.net\/index.php?rest_route=\/wp\/v2\/pages"}],"about":[{"href":"https:\/\/www.patientennetz.net\/index.php?rest_route=\/wp\/v2\/types\/page"}],"author":[{"embeddable":true,"href":"https:\/\/www.patientennetz.net\/index.php?rest_route=\/wp\/v2\/users\/3"}],"replies":[{"embeddable":true,"href":"https:\/\/www.patientennetz.net\/index.php?rest_route=%2Fwp%2Fv2%2Fcomments&post=709"}],"version-history":[{"count":6,"href":"https:\/\/www.patientennetz.net\/index.php?rest_route=\/wp\/v2\/pages\/709\/revisions"}],"predecessor-version":[{"id":1966,"href":"https:\/\/www.patientennetz.net\/index.php?rest_route=\/wp\/v2\/pages\/709\/revisions\/1966"}],"up":[{"embeddable":true,"href":"https:\/\/www.patientennetz.net\/index.php?rest_route=\/wp\/v2\/pages\/991"}],"wp:attachment":[{"href":"https:\/\/www.patientennetz.net\/index.php?rest_route=%2Fwp%2Fv2%2Fmedia&parent=709"}],"curies":[{"name":"wp","href":"https:\/\/api.w.org\/{rel}","templated":true}]}}