{"id":990,"date":"2009-05-25T13:21:48","date_gmt":"2009-05-25T11:21:48","guid":{"rendered":"http:\/\/www.patientennetz.net\/patientennetz_0509\/wordpress\/?page_id=7"},"modified":"2025-08-08T12:00:45","modified_gmt":"2025-08-08T10:00:45","slug":"selbstverstandnis","status":"publish","type":"page","link":"https:\/\/www.patientennetz.net\/?page_id=990","title":{"rendered":"\u00dcber uns"},"content":{"rendered":"<p><a name=\"oben\"><\/a><\/p>\n<h3>Wer wir sind und was wir wollen<\/h3>\n<p>Im PatientInnen-Netzwerk Nordrhein-Westfalen arbeiten zahlreiche zivilgesellschaftliche und von Kostentr\u00e4gern und Leistungserbringern unabh\u00e4ngige Gruppen und Initiativen aus dem Bereich der Patientenberatung und der gemeinschaftlichen Selbsthilfe zusammen, die die Interessen von B\u00fcrgerinnen und B\u00fcrgern im Gesundheitswesen unterst\u00fctzen.<\/p>\n<p><a name=\"grunds\u00e4tzliches\"><\/a><\/p>\n<h3>Grunds\u00e4tzliche \u00dcberlegungen<\/h3>\n<p>Bereits seit 1999 tauschen sich Gruppen und Initiativen im PatientInnen-Netzwerk Nordrhein-Westfalen aus. Folgende Zielsetzungen und Vereinbarungen liegen der Arbeit im PatientInnen-Netzwerk zugrunde:<\/p>\n<h3>Ziele des Netzwerks<\/h3>\n<p>Ziel des PatientInnen-Netzwerks Nordrhein-Westfalen ist es, die Interessen von Patientinnen und Patienten im Gesundheitswesen unseres Landes st\u00e4rker zur Geltung zu bringen. Die Zusammenarbeit im Netzwerk soll die kooperierenden Gruppen und Initiativen dabei unterst\u00fctzen, die Rolle und Perspektive der Nutzerinnen und Nutzer im Gesundheitswesen zu st\u00e4rken.<\/p>\n<p>Dazu soll das PatientInnen-Netzwerk Nordrhein-Westfalen<\/p>\n<ul>\n<li>die vielf\u00e4ltigen Initiativen der Interessenvertretung von Patientinnen und Patienten im Gesundheitswesen unseres Landes in Kontakt bringen,<\/li>\n<li>die Anliegen derer unterst\u00fctzen, die sich hier engagieren,<\/li>\n<li>die unterschiedlichen Aktivit\u00e4ten vernetzen und zu einer gleichberechtigten und produktiven Zusammenarbeit f\u00fchren,<\/li>\n<li>die gemeinsame Interessenvertretung nach au\u00dfen f\u00f6rdern sowie<\/li>\n<li>den Dialog zwischen Professionellen und Patientinnen und Patienten unterst\u00fctzen.<\/li>\n<\/ul>\n<h3>Vielfalt der Patient*innen-Arbeit<\/h3>\n<p>Eine Vertretung der Interessen der Patientinnen und Patienten geschieht vielf\u00e4ltig und an unterschiedlichen Stellen im Gesundheitswesen:<\/p>\n<ul>\n<li>Patientinnen und Patienten organisieren sich selbst, z.B. in Notgemeinschaften Medizingesch\u00e4digter, Patienten-Vereinigungen oder Frauengesundheitsinitiativen,<\/li>\n<li>Gesundheitsl\u00e4den und Verbraucherorganisationen setzen sich f\u00fcr die Interessen von Patientinnen und Patienten ein,<\/li>\n<li>Selbsthilfegruppen und -organisationen unterst\u00fctzen ihre Mitglieder u.a. darin, selbstbewusst mit ihrer Erkrankung und dem professionellen Gesundheitssystem umzugehen,<\/li>\n<li>und Vertreterinnen und Vertreter der Patientinnen und Patienten wirken auch in politischen Gremien mit, wie z.B. den Kommunalen Gesundheitskonferenzen in Nordrhein-Westfalen.<\/li>\n<\/ul>\n<h3>Partnerinnen und Partner<\/h3>\n<p>Au\u00dferdem gibt es \u00c4rztinnen und \u00c4rzte, Pflegekr\u00e4fte und Mitarbeiterinnen und Mitarbeiter in Arztpraxen und Krankenh\u00e4usern, in Kommunalverwaltungen, Landesministerien und Krankenkassen sowie Wissenschaftlerinnen und Wissenschaftler in Forschungseinrichtungen und an Universit\u00e4ten, die die Belange von Patientinnen und Patienten unterst\u00fctzen. Sie sind Partnerinnen und Partner in dem Bem\u00fchen, Patienteninteressen st\u00e4rker zur Geltung zu bringen.<\/p>\n<p>Diese Vielfalt l\u00e4sst sich nicht einfach in einer einzigen Organisation zusammenfassen oder durch eine einzige Organisation vertreten: Das Netzwerk will vielmehr die bestehende Vielfalt nutzen, die unterschiedlichen Aktivit\u00e4ten im Interesse der Patientinnen und Patienten sichtbar werden lassen, sie miteinander vernetzen und in gemeinsame Informations- und Arbeitszusammenh\u00e4nge bringen.<\/p>\n<h3>Grundlage der inhaltlichen Diskussion<\/h3>\n<p>Diese Forderungen sollen Grundlagen einer weiteren inhaltlichen und programmatischen Verst\u00e4ndigung im PatientInnen-Netzwerk sein:<\/p>\n<ul>\n<li>die Weiterentwicklung der Rechte der Patientinnen und Patienten im Umgang mit den Anbietern,<\/li>\n<li>die verbesserte Qualit\u00e4t und Transparenz von Diagnose und Therapie,<\/li>\n<li>die Gleichberechtigung in der diagnostischen und therapeutischen Situation,<\/li>\n<li>die Mitwirkung in und die Mitgestaltung von Versorgungs- und Entscheidungsstrukturen im Gesundheitswesen,<\/li>\n<li>die Sicherstellung eines gemeinwohlorientieren und krisenfesten Gesundheitssystems unter Ber\u00fccksichtigung aktueller Herausforderungen (Klimakrise, Pflegenotstand \u2026).<\/li>\n<\/ul>\n<h3>Die Zusammenarbeit im Netzwerk<\/h3>\n<ul>\n<li>Dem PatientInnen-Netzwerk k\u00f6nnen Gruppen, Organisationen und Institutionen angeh\u00f6ren, die sich der Vertretung von Patienteninteressen im Gesundheitswesen widmen. In ihren Aufgabenstellungen und Aktivit\u00e4ten muss erkennbar werden, dass sie sich in erster Linie f\u00fcr die Belange von Patientinnen und Patienten einsetzen.<\/li>\n<li>Wir laden Leistungsanbieter und Kostentr\u00e4ger als Organisationen oder Institutionen ein, den Dialog mit dem PatientInnen-Netzwerk zu f\u00fchren und sich mit den Anliegen der Patientinnen und Patienten im Gesundheitswesen in Nordrhein-Westfalen in konstruktiver Weise auseinanderzusetzen. Eine unmittelbare Mitarbeit der Leistungsanbieter und Kostentr\u00e4ger halten wir nicht f\u00fcr sinnvoll.<\/li>\n<\/ul>\n<ul>\n<li>Als Netzwerk von Gruppen, Organisationen und Institutionen pflegen wir unseren Austausch und die gemeinsame Interessenvertretung in gegenseitiger R\u00fccksichtnahme. Gemeinsames Verst\u00e4ndnis der Netzwerkmitglieder ist das Erarbeiten der eigenen Position\/Haltung durch den Austausch im Netzwerk. Soweit es Auffassungsunterschiede in den Wegen der Interessenvertretung der Patientinnen und Patienten gibt, wollen wir diese innerhalb des Netzwerks diskutieren.<\/li>\n<li>Ein gemeinsamer Arbeitsausschuss der Netzwerk-Mitglieder trifft sich viertelj\u00e4hrlich und bearbeitet landesweite Anliegen von PatientInnen. Dazu werden Positionen formuliert, der Austausch sowie die Kooperation mit weiteren Akteuren im NRW-Gesundheitswesen gesucht und \u00d6ffentlichkeits- sowie Lobby-Arbeit f\u00fcr PatientInnen gemacht.<\/li>\n<\/ul>\n<ul>\n<li>Gruppen, Organisationen und Institutionen, die im PatientInnen-Netzwerk Nordrhein-Westfalen mitarbeiten wollen, erkl\u00e4ren, dass sie diese Grundlagen anerkennen und unterst\u00fctzen. Ein Arbeitsausschuss entscheidet \u00fcber die Mitgliedschaft im Netzwerk und verst\u00e4ndigt sich \u00fcber die weiteren Arbeitsgrundlagen des Netzwerks.<\/li>\n<li>Der Parit\u00e4tische NRW f\u00f6rdert die Koordinationsstelle sowie Veranstaltungen des PatientInnen-Netzwerks NRW.<\/li>\n<\/ul>\n<p>Wir w\u00fcnschen uns eine rege Diskussion und die vielf\u00e4ltige Bereitschaft, am PatientInnen-Netzwerk Nordrhein-Westfalen mitzuwirken.<\/p>\n<h3>Der Arbeitsausschuss des PatientInnen-Netzwerks stellt sich vor:<\/h3>\n<p><em>Sprecher*in:<\/em><\/p>\n<ul>\n<li>Vanessa Rengers-Patz\u00a0<a href=\"http:\/\/www.vdk.de\/nrw\/\">(VdK NRW)<\/a><\/li>\n<li>G\u00fcnter H\u00f6lling <a href=\"http:\/\/www.gesundheitsladen-bielefeld.de\/\">(Gesundheitsladen Bielefeld) <\/a><\/li>\n<\/ul>\n<p><em>Beteiligte<\/em>:<\/p>\n<ul>\n<li>Katharina Benner <a href=\"https:\/\/www.paritaet-nrw.org\/\">(Der Parit\u00e4tische NRW, Gesch\u00e4ftsbereich Engagement, Nutzer*innen, Selbsthilfe und Gesundheit)<\/a><\/li>\n<li>Gregor Bornes\u00a0 <a href=\"http:\/\/www.gesundheitsladen-koeln.de\/\">(Gesundheitsladen K\u00f6ln)<\/a><\/li>\n<li>Bernd Hoeber <a href=\"https:\/\/www.paritaet-nrw.org\/\">(Der Parit\u00e4tische NRW)<\/a><\/li>\n<li>Anne Kaiser\u00a0 <a href=\"http:\/\/www.koskon.de\/\">(KOSKON NRW)<\/a><\/li>\n<li>Edeltraut Krause\u00a0<a href=\"http:\/\/www.lsv-nrw.de\/\">(Landesseniorenvertretung NRW)<\/a><\/li>\n<li>Kerstin Lohmann <a href=\"http:\/\/www.selbsthilfenetz.de\/de\/wege-zur-selbsthilfe\/selbsthilfe-organisationen\/\">(Gesundheitsselbsthilfe NRW) <\/a><\/li>\n<li>Jan Ka\u00dfner <a href=\"https:\/\/www.patientenbeteiligung.de\/nw\/\">(Koordinierung und Vernetzung der Patientenbeteiligung in NRW)<\/a><\/li>\n<li>Dr. Volker Runge <a href=\"http:\/\/www.selbsthilfenetz.de\/de\/wege-zur-selbsthilfe\/selbsthilfe-organisationen\/\">(Gesundheitsselbsthilfe NRW)<\/a><\/li>\n<li>Marita Schormann\u00a0 <a href=\"https:\/\/www.koskon.de\/selbsthilfestruktur.html#c155\">(Vertretung der Selbsthilfe-Kontaktstellen NRW)<\/a><\/li>\n<\/ul>\n<p><em>Koordination: <\/em><\/p>\n<ul>\n<li>Anke Steuer <a href=\"https:\/\/www.paritaet-nrw.org\/\">(Der Parit\u00e4tische NRW)<\/a>, Telefon: 0202\u00a0<span data-olk-copy-source=\"MessageBody\">28 22 525<\/span> oder <a href=\"mailto:steuer@paritaet-nrw.org\">steuer@paritaet-nrw.org<\/a><\/li>\n<\/ul>\n<h3><\/h3>\n<p><a href=\"#oben\">zum Seitenanfang<\/a><\/p>\n","protected":false},"excerpt":{"rendered":"<p>Wer wir sind und was wir wollen Im PatientInnen-Netzwerk Nordrhein-Westfalen arbeiten zahlreiche zivilgesellschaftliche und von Kostentr\u00e4gern und Leistungserbringern unabh\u00e4ngige Gruppen und Initiativen aus dem Bereich der Patientenberatung und der gemeinschaftlichen Selbsthilfe zusammen, die die Interessen von B\u00fcrgerinnen und B\u00fcrgern im Gesundheitswesen unterst\u00fctzen. Grunds\u00e4tzliche \u00dcberlegungen Bereits seit 1999 tauschen sich Gruppen und Initiativen im PatientInnen-Netzwerk Nordrhein-Westfalen [&hellip;]<\/p>\n","protected":false},"author":3,"featured_media":0,"parent":0,"menu_order":2,"comment_status":"open","ping_status":"open","template":"","meta":{"footnotes":""},"class_list":["post-990","page","type-page","status-publish","hentry"],"_links":{"self":[{"href":"https:\/\/www.patientennetz.net\/index.php?rest_route=\/wp\/v2\/pages\/990","targetHints":{"allow":["GET"]}}],"collection":[{"href":"https:\/\/www.patientennetz.net\/index.php?rest_route=\/wp\/v2\/pages"}],"about":[{"href":"https:\/\/www.patientennetz.net\/index.php?rest_route=\/wp\/v2\/types\/page"}],"author":[{"embeddable":true,"href":"https:\/\/www.patientennetz.net\/index.php?rest_route=\/wp\/v2\/users\/3"}],"replies":[{"embeddable":true,"href":"https:\/\/www.patientennetz.net\/index.php?rest_route=%2Fwp%2Fv2%2Fcomments&post=990"}],"version-history":[{"count":43,"href":"https:\/\/www.patientennetz.net\/index.php?rest_route=\/wp\/v2\/pages\/990\/revisions"}],"predecessor-version":[{"id":2443,"href":"https:\/\/www.patientennetz.net\/index.php?rest_route=\/wp\/v2\/pages\/990\/revisions\/2443"}],"wp:attachment":[{"href":"https:\/\/www.patientennetz.net\/index.php?rest_route=%2Fwp%2Fv2%2Fmedia&parent=990"}],"curies":[{"name":"wp","href":"https:\/\/api.w.org\/{rel}","templated":true}]}}