{"id":991,"date":"2009-05-25T17:53:55","date_gmt":"2009-05-25T15:53:55","guid":{"rendered":"http:\/\/www.patientennetz.net\/patientennetz_0509\/wordpress\/?page_id=38"},"modified":"2025-02-24T21:44:40","modified_gmt":"2025-02-24T20:44:40","slug":"themen","status":"publish","type":"page","link":"https:\/\/www.patientennetz.net\/?page_id=991","title":{"rendered":"Themen"},"content":{"rendered":"<h3>Themen von A bis Z<\/h3>\n<p><strong>Arztbesuch<\/strong><br \/>\nViele Patientinnen und Patienten stellen sich die Frage, an welchen Arzt Sie sich mit ihren gesundheitlichen Probleme am besten wenden. Und sie m\u00f6chten sich auf einen Arztbesuch vorbereiten. Informationen und Hilfe zur Arztsuche und zur Vorbereitung auf einen Arztbesuchen finden Sie hier. [<a href=\"http:\/\/www.patientennetz.net\/patientennetz_0509\/wordpress\/?page_id=487\" target=\"_blank\" rel=\"noopener\">mehr<\/a>]<\/p>\n<p><strong>Diagnosen<\/strong><br \/>\nUntersuchungsergebnisse und Diagnosen k\u00f6nnen auf einer Internetplattform von MedizinstudentInnen \u00fcbersetzt werden. Das Portal hei\u00dft &#8222;Was hab ich&#8220; und ist hier erreichbar. [<a href=\"http:\/\/www.patientennetz.net\/patientennetz_0509\/wordpress\/?page_id=751\" target=\"_blank\" rel=\"noopener\">mehr<\/a>]<\/p>\n<p><strong>Fr\u00fcherkennung<\/strong><br \/>\nNicht alle Fr\u00fcherkennungsuntersuchungen verbessern die Gesundheit. Sie k\u00f6nnen auch nutzlos sein oder gar schaden. Es lohnt sich also, die Vor- und Nachteile von Fr\u00fcherkennungsuntersuchungen abzuw\u00e4gen, bevor man sich f\u00fcr oder gegen eine Teilnahme entscheidet. Dazu gibt es Informationen und Entscheidungshilfen. [<a href=\"http:\/\/www.patientennetz.net\/patientennetz_0509\/wordpress\/?page_id=419\" target=\"_blank\" rel=\"noopener\">mehr<\/a>]<\/p>\n<p><strong>Gesundheitsselbsthilfe NRW<\/strong><br \/>\nDie Gesundheitsselbsthilfe NRW (Wittener Kreis) ist ein Zusammenschluss von aktuell 70 Selbsthilfe-Landesverb\u00e4nden in Nordrhein-Westfalen und steht f\u00fcr aktive Zusammenarbeit und Vernetzung, Austausch und Information. <a href=\"http:\/\/www.patientennetz.net\/?page_id=1437\">[mehr]<\/a><\/p>\n<p><strong>Grenzenlose Gesundheit<br \/>\n<\/strong>In vielen Grenzregionen &#8211; insbesondere zwischen der Niederlande und Deutschland &#8211; f\u00fchrt f\u00fcr viele Millionen Menschen der n\u00e4chste Weg zum Arzt, ins Krankenhaus oder zu einer Selbsthilfegruppe oft \u00fcber die Grenze ins jeweilige Nachbarland. [<a href=\"http:\/\/www.patientennetz.net\/patientennetz_0509\/wordpress\/?page_id=172\" target=\"_blank\" rel=\"noopener\">mehr<\/a>]<\/p>\n<p><strong>Gute Medizin<\/strong><br \/>\nWas ist gute Medizin? Informationen und Diskussion zu evidenz- und leitlinienbasierter Medizin [<a href=\"http:\/\/www.patientennetz.net\/patientennetz_0509\/wordpress\/?page_id=346\" target=\"_blank\" rel=\"noopener\">mehr<\/a>]<\/p>\n<p><strong>Hilfsmittel<\/strong><br \/>\nGrunds\u00e4tzlich kommen die gesetzlichen Krankenkassen f\u00fcr Hilfsmittel auf, die erforderlich sind, um den Erfolg einer Krankenbehandlung zu sichern, einer drohenden Behinderung vorzubeugen oder eine Behinderung auszugleichen. Es gibt allerdings Ausnahmen. [<a href=\"http:\/\/www.patientennetz.net\/patientennetz_0509\/wordpress\/?page_id=529\" target=\"_blank\" rel=\"noopener\">mehr<\/a>]<\/p>\n<p><strong>Interkulturelle \u00d6ffnung im Gesundheitswesen<\/strong><br \/>\nHier finden Sie Links zu Seiten, die hilfreiche Informationen rund um das Thema Gesundheit von Menschen mit Migrationshintergrund bereithalten \u2013 die Auflistung erhebt keinen Anspruch auf Vollst\u00e4ndigkeit. [<a href=\"http:\/\/www.patientennetz.net\/?page_id=1461\">mehr<\/a>]<\/p>\n<p><strong>Medikamente<\/strong><br \/>\nArzneimittel k\u00f6nnen Leben retten und Leiden lindern. Doch die Arzneimitteltherapie birgt auch Risiken. Ein Merkblatt mit acht Regeln soll f\u00fcr Patienten die Sicherheit bei der Anwendung von Arzneimitteln erh\u00f6hen. [<a href=\"http:\/\/www.patientennetz.net\/patientennetz_0509\/wordpress\/?page_id=380\" target=\"_blank\" rel=\"noopener\">mehr<\/a>]<\/p>\n<p><strong>Patientenbeauftragte<\/strong><br \/>\nSeit 2017 ist Claudia Middendorf die Patientenbeauftragte in NRW. [<a href=\"http:\/\/www.patientennetz.net\/patientennetz_0509\/wordpress\/?page_id=915\" target=\"_blank\" rel=\"noopener\">mehr<\/a>]<\/p>\n<p><strong>Patientenberatung<\/strong><br \/>\nHier finden Sie Informationen zu Angeboten der Patientenberatung in NRW. [ <a href=\"http:\/\/www.patientennetz.net\/patientennetz_0509\/wordpress\/?page_id=231\">mehr<\/a> ]<\/p>\n<p><strong>Patientenbeteiligung<\/strong><br \/>\nSeit einigen Jahren haben nicht nur im Gemeinsamen Bundesausschuss sondern auch in den entprechenden Aussch\u00fcssen auf Landesebene bei bestimmten Entscheidungen die &#8222;auf Landesebene f\u00fcr die Wahrnehmung der Interessen der Patientinnen und Patienten und der Selbsthilfe chronisch kranker und behinderter Menschen ma\u00dfgeblichen Organisationen ein Mitberatungsrecht&#8220; (\u00a7 140f Abs. 3 SGB V). [<a href=\"http:\/\/www.patientennetz.net\/patientennetz_0509\/wordpress\/?page_id=360\" target=\"_blank\" rel=\"noopener\">mehr<\/a>]<\/p>\n<p><strong>Patientenrechte<\/strong><br \/>\nNur wenige Patientinnen und Patienten sind genau \u00fcber ihre Rechte informiert. Hier finden Sie einige Ver\u00f6ffentlichungen, in denen Sie sich einen \u00dcberblick verschaffen k\u00f6nnen, sowie Dokumente zur weiteren Diskussion. [ <a href=\"http:\/\/www.patientennetz.net\/patientennetz_0509\/wordpress\/?page_id=56\">mehr<\/a> ]<\/p>\n<p><strong>\u00a0<\/strong><\/p>\n","protected":false},"excerpt":{"rendered":"<p>Themen von A bis Z Arztbesuch Viele Patientinnen und Patienten stellen sich die Frage, an welchen Arzt Sie sich mit ihren gesundheitlichen Probleme am besten wenden. Und sie m\u00f6chten sich auf einen Arztbesuch vorbereiten. Informationen und Hilfe zur Arztsuche und zur Vorbereitung auf einen Arztbesuchen finden Sie hier. [mehr] Diagnosen Untersuchungsergebnisse und Diagnosen k\u00f6nnen auf [&hellip;]<\/p>\n","protected":false},"author":3,"featured_media":0,"parent":0,"menu_order":3,"comment_status":"open","ping_status":"open","template":"","meta":{"footnotes":""},"class_list":["post-991","page","type-page","status-publish","hentry"],"_links":{"self":[{"href":"https:\/\/www.patientennetz.net\/index.php?rest_route=\/wp\/v2\/pages\/991","targetHints":{"allow":["GET"]}}],"collection":[{"href":"https:\/\/www.patientennetz.net\/index.php?rest_route=\/wp\/v2\/pages"}],"about":[{"href":"https:\/\/www.patientennetz.net\/index.php?rest_route=\/wp\/v2\/types\/page"}],"author":[{"embeddable":true,"href":"https:\/\/www.patientennetz.net\/index.php?rest_route=\/wp\/v2\/users\/3"}],"replies":[{"embeddable":true,"href":"https:\/\/www.patientennetz.net\/index.php?rest_route=%2Fwp%2Fv2%2Fcomments&post=991"}],"version-history":[{"count":20,"href":"https:\/\/www.patientennetz.net\/index.php?rest_route=\/wp\/v2\/pages\/991\/revisions"}],"predecessor-version":[{"id":2086,"href":"https:\/\/www.patientennetz.net\/index.php?rest_route=\/wp\/v2\/pages\/991\/revisions\/2086"}],"wp:attachment":[{"href":"https:\/\/www.patientennetz.net\/index.php?rest_route=%2Fwp%2Fv2%2Fmedia&parent=991"}],"curies":[{"name":"wp","href":"https:\/\/api.w.org\/{rel}","templated":true}]}}